{"id":246,"date":"2017-11-26T17:05:05","date_gmt":"2017-11-26T17:05:05","guid":{"rendered":"http:\/\/visitsoca.net\/?page_id=246"},"modified":"2023-08-23T15:10:46","modified_gmt":"2023-08-23T15:10:46","slug":"apartmaji-hlapi","status":"publish","type":"page","link":"https:\/\/visitsoca.net\/home\/apartmaji-hlapi\/","title":{"rendered":"Apartmaji Hlapi s SPA"},"content":{"rendered":"<div id=\"pl-246\"  class=\"panel-layout\" ><div id=\"pg-246-0\"  class=\"panel-grid panel-has-style\" ><div class=\"siteorigin-panels-stretch panel-row-style panel-row-style-for-246-0\" data-stretch-type=\"full-stretched\" ><div id=\"pgc-246-0-0\"  class=\"panel-grid-cell panel-grid-cell-empty\" ><\/div><\/div><\/div><div id=\"pg-246-1\"  class=\"panel-grid panel-has-style\" ><div class=\"siteorigin-panels-stretch panel-row-style panel-row-style-for-246-1\" data-stretch-type=\"full-stretched\" ><div id=\"pgc-246-1-0\"  class=\"panel-grid-cell panel-grid-cell-empty\" ><\/div><div id=\"pgc-246-1-1\"  class=\"panel-grid-cell\" ><div id=\"panel-246-1-1-0\" class=\"so-panel widget widget_sow-editor panel-first-child panel-last-child\" data-index=\"0\" ><div class=\"so-widget-sow-editor so-widget-sow-editor-base\">\n<div class=\"siteorigin-widget-tinymce textwidget\">\n\t<h1>Apartmaji Hlapi s SPA<\/h1>\n<\/div>\n<\/div><\/div><\/div><\/div><\/div><div id=\"pg-246-2\"  class=\"panel-grid panel-has-style\" ><div class=\"siteorigin-panels-stretch panel-row-style panel-row-style-for-246-2\" data-stretch-type=\"full-stretched\" ><div id=\"pgc-246-2-0\"  class=\"panel-grid-cell panel-grid-cell-empty\" ><\/div><div id=\"pgc-246-2-1\"  class=\"panel-grid-cell\" ><div id=\"panel-246-2-1-0\" class=\"so-panel widget widget_sow-image panel-first-child\" data-index=\"1\" ><div class=\"so-widget-sow-image so-widget-sow-image-default-d6014b76747a-246\">\n<h3 class=\"widget-title\">App s savno in masa\u017eno kadjo 1<\/h3>\n<div class=\"sow-image-container\">\n\t\t\t<a\n\t\t\thref=\"https:\/\/visitsoca.net\/home\/apartma-hlapi-1\/\"\n\t\t\t\t\t>\n\t\t\t<img src=\"https:\/\/visitsoca.net\/wp-content\/uploads\/2022\/08\/20220715_145702.jpg\" width=\"1672\" height=\"1254\" srcset=\"https:\/\/visitsoca.net\/wp-content\/uploads\/2022\/08\/20220715_145702.jpg 1672w, https:\/\/visitsoca.net\/wp-content\/uploads\/2022\/08\/20220715_145702-300x225.jpg 300w, https:\/\/visitsoca.net\/wp-content\/uploads\/2022\/08\/20220715_145702-1024x768.jpg 1024w, https:\/\/visitsoca.net\/wp-content\/uploads\/2022\/08\/20220715_145702-768x576.jpg 768w, https:\/\/visitsoca.net\/wp-content\/uploads\/2022\/08\/20220715_145702-1536x1152.jpg 1536w, https:\/\/visitsoca.net\/wp-content\/uploads\/2022\/08\/20220715_145702-16x12.jpg 16w\" sizes=\"(max-width: 1672px) 100vw, 1672px\" title=\"App s savno in masa\u017eno kadjo 1\" alt=\"\" loading=\"lazy\" \t\tclass=\"so-widget-image\"\/>\n\t<\/a><\/div>\n\n<\/div><\/div><div id=\"panel-246-2-1-1\" class=\"so-panel widget widget_sow-image panel-last-child\" data-index=\"2\" ><div class=\"so-widget-sow-image so-widget-sow-image-default-d6014b76747a-246\">\n<h3 class=\"widget-title\">App s savno in masa\u017eno kadjo 2<\/h3>\n<div class=\"sow-image-container\">\n\t\t\t<a\n\t\t\thref=\"https:\/\/visitsoca.net\/home\/apartma-hlapi-2\/\"\n\t\t\t\t\t>\n\t\t\t<img src=\"https:\/\/visitsoca.net\/wp-content\/uploads\/2022\/08\/20220715_153204.jpg\" width=\"1672\" height=\"1254\" srcset=\"https:\/\/visitsoca.net\/wp-content\/uploads\/2022\/08\/20220715_153204.jpg 1672w, https:\/\/visitsoca.net\/wp-content\/uploads\/2022\/08\/20220715_153204-300x225.jpg 300w, https:\/\/visitsoca.net\/wp-content\/uploads\/2022\/08\/20220715_153204-1024x768.jpg 1024w, https:\/\/visitsoca.net\/wp-content\/uploads\/2022\/08\/20220715_153204-768x576.jpg 768w, https:\/\/visitsoca.net\/wp-content\/uploads\/2022\/08\/20220715_153204-1536x1152.jpg 1536w, https:\/\/visitsoca.net\/wp-content\/uploads\/2022\/08\/20220715_153204-16x12.jpg 16w\" sizes=\"(max-width: 1672px) 100vw, 1672px\" title=\"App s savno in masa\u017eno kadjo 2\" alt=\"\" loading=\"lazy\" \t\tclass=\"so-widget-image\"\/>\n\t<\/a><\/div>\n\n<\/div><\/div><\/div><div id=\"pgc-246-2-2\"  class=\"panel-grid-cell\" ><div id=\"panel-246-2-2-0\" class=\"so-panel widget widget_sow-image panel-first-child\" data-index=\"3\" ><div class=\"so-widget-sow-image so-widget-sow-image-default-d6014b76747a-246\">\n<h3 class=\"widget-title\">App s savno in masa\u017eno kadjo 3<\/h3>\n<div class=\"sow-image-container\">\n\t\t\t<a\n\t\t\thref=\"https:\/\/visitsoca.net\/home\/apartma-hlapi-3\/\"\n\t\t\t\t\t>\n\t\t\t<img src=\"https:\/\/visitsoca.net\/wp-content\/uploads\/2022\/08\/20220716_151118.jpg\" width=\"1672\" height=\"1254\" srcset=\"https:\/\/visitsoca.net\/wp-content\/uploads\/2022\/08\/20220716_151118.jpg 1672w, https:\/\/visitsoca.net\/wp-content\/uploads\/2022\/08\/20220716_151118-300x225.jpg 300w, https:\/\/visitsoca.net\/wp-content\/uploads\/2022\/08\/20220716_151118-1024x768.jpg 1024w, https:\/\/visitsoca.net\/wp-content\/uploads\/2022\/08\/20220716_151118-768x576.jpg 768w, https:\/\/visitsoca.net\/wp-content\/uploads\/2022\/08\/20220716_151118-1536x1152.jpg 1536w, https:\/\/visitsoca.net\/wp-content\/uploads\/2022\/08\/20220716_151118-16x12.jpg 16w\" sizes=\"(max-width: 1672px) 100vw, 1672px\" title=\"App s savno in masa\u017eno kadjo 3\" alt=\"\" loading=\"lazy\" \t\tclass=\"so-widget-image\"\/>\n\t<\/a><\/div>\n\n<\/div><\/div><div id=\"panel-246-2-2-1\" class=\"so-panel widget widget_sow-image panel-last-child\" data-index=\"4\" ><div class=\"so-widget-sow-image so-widget-sow-image-default-d6014b76747a-246\">\n<h3 class=\"widget-title\">App s savno in masa\u017eno kadjo 4<\/h3>\n<div class=\"sow-image-container\">\n\t\t\t<a\n\t\t\thref=\"https:\/\/visitsoca.net\/home\/apartma-hlapi-4\/\"\n\t\t\t\t\t>\n\t\t\t<img src=\"https:\/\/visitsoca.net\/wp-content\/uploads\/2022\/08\/20220716_144642.jpg\" width=\"1672\" height=\"1254\" srcset=\"https:\/\/visitsoca.net\/wp-content\/uploads\/2022\/08\/20220716_144642.jpg 1672w, https:\/\/visitsoca.net\/wp-content\/uploads\/2022\/08\/20220716_144642-300x225.jpg 300w, https:\/\/visitsoca.net\/wp-content\/uploads\/2022\/08\/20220716_144642-1024x768.jpg 1024w, https:\/\/visitsoca.net\/wp-content\/uploads\/2022\/08\/20220716_144642-768x576.jpg 768w, https:\/\/visitsoca.net\/wp-content\/uploads\/2022\/08\/20220716_144642-1536x1152.jpg 1536w, https:\/\/visitsoca.net\/wp-content\/uploads\/2022\/08\/20220716_144642-16x12.jpg 16w\" sizes=\"(max-width: 1672px) 100vw, 1672px\" title=\"App s savno in masa\u017eno kadjo 4\" alt=\"\" loading=\"lazy\" \t\tclass=\"so-widget-image\"\/>\n\t<\/a><\/div>\n\n<\/div><\/div><\/div><div id=\"pgc-246-2-3\"  class=\"panel-grid-cell\" ><div id=\"panel-246-2-3-0\" class=\"so-panel widget widget_sow-image panel-first-child panel-last-child\" data-index=\"5\" ><div class=\"so-widget-sow-image so-widget-sow-image-default-d6014b76747a-246\">\n<h3 class=\"widget-title\">App s savno in masa\u017eno kadjo 5<\/h3>\n<div class=\"sow-image-container\">\n\t\t\t<a\n\t\t\thref=\"https:\/\/visitsoca.net\/home\/apartma-hlapi-5-2\/\"\n\t\t\t\t\t>\n\t\t\t<img src=\"https:\/\/visitsoca.net\/wp-content\/uploads\/2022\/08\/20220715_173909.jpg\" width=\"1672\" height=\"1254\" srcset=\"https:\/\/visitsoca.net\/wp-content\/uploads\/2022\/08\/20220715_173909.jpg 1672w, https:\/\/visitsoca.net\/wp-content\/uploads\/2022\/08\/20220715_173909-300x225.jpg 300w, https:\/\/visitsoca.net\/wp-content\/uploads\/2022\/08\/20220715_173909-1024x768.jpg 1024w, https:\/\/visitsoca.net\/wp-content\/uploads\/2022\/08\/20220715_173909-768x576.jpg 768w, https:\/\/visitsoca.net\/wp-content\/uploads\/2022\/08\/20220715_173909-1536x1152.jpg 1536w, https:\/\/visitsoca.net\/wp-content\/uploads\/2022\/08\/20220715_173909-16x12.jpg 16w\" sizes=\"(max-width: 1672px) 100vw, 1672px\" title=\"App s savno in masa\u017eno kadjo 5\" alt=\"\" loading=\"lazy\" \t\tclass=\"so-widget-image\"\/>\n\t<\/a><\/div>\n\n<\/div><\/div><\/div><div id=\"pgc-246-2-4\"  class=\"panel-grid-cell panel-grid-cell-mobile-last\" ><div id=\"panel-246-2-4-0\" class=\"widget_text so-panel widget widget_custom_html panel-first-child panel-last-child\" data-index=\"6\" ><div class=\"textwidget custom-html-widget\"><script src=\"\/\/www.bentral.com\/service\/embed\/booking.js?id=5f7a41344d775f4d&width=full&poweredby=0&key=dda60999dcfe0c74e3d0a83eb4593657\"><\/script><\/div><\/div><\/div><div id=\"pgc-246-2-5\"  class=\"panel-grid-cell panel-grid-cell-empty\" ><\/div><\/div><\/div><div id=\"pg-246-3\"  class=\"panel-grid panel-has-style\" ><div class=\"siteorigin-panels-stretch panel-row-style panel-row-style-for-246-3\" data-stretch-type=\"full-stretched\" ><div id=\"pgc-246-3-0\"  class=\"panel-grid-cell panel-grid-cell-empty\" ><\/div><div id=\"pgc-246-3-1\"  class=\"panel-grid-cell panel-grid-cell-mobile-last\" ><div id=\"panel-246-3-1-0\" class=\"so-panel widget widget_sow-editor panel-first-child panel-last-child\" data-index=\"7\" ><div class=\"panel-widget-style panel-widget-style-for-246-3-1-0\" ><div class=\"so-widget-sow-editor so-widget-sow-editor-base\">\n<div class=\"siteorigin-widget-tinymce textwidget\">\n\t<h5 style=\"text-align: center;\">Privo\u0161\u010dite si bivanje v popolnoma opremljenih luksuznih apartmajih v mirnem delu centra Kobarida, v osr\u010dju Doline So\u010de. Vsak apartmaja ima svojo savno in masa\u017eno kad, klimatsko napravo, kuhinjo s pomivalnim strojem, brez\u017ei\u010dni internet, TV z ravnim zaslonom s satelitskimi programi ter mo\u017enost shranjevanja \u0161portne opreme. Na voljo je parkirni prostor. Nekateri apartmaji imajo balkon s sede\u017eno garnituro, nekateri pa francoski balkon.<\/h5>\n<h5 style=\"text-align: center;\">Restavracije, bari, trgovine, <a href=\"https:\/\/soca-pulse.com\/\" target=\"_blank\" rel=\"noopener\">\u0161portne agencije<\/a> in muzej so od apartmajev oddaljeni le nekaj korakov.<\/h5>\n<h5 style=\"text-align: center;\">Privo\u0161\u010dite si lahko razli\u010dne \u0161portne aktivnosti na reki So\u010di, kot so <a href=\"https:\/\/soca-pulse.com\/\" target=\"_blank\" rel=\"noopener\">rafting, kajak, kanjoning<\/a>,\u00a0plavate\u00a0v topli in zdravilni reki Nadi\u017ei, u\u017eivate na razli\u010dnih pohodni\u0161kih in kolesarskih poteh.\u00a0V\u00a0zimskih mesecih lahko u\u017eivate v smuki na visokogorskem smu\u010di\u0161\u010du Kanin, ki je od apartmajev oddaljen le 15 minut vo\u017enje. Apartmaji so odli\u010dno izhodi\u0161\u010de za lov in ribolov. Reka So\u010da je od apartmajev oddaljena le nekaj minut hoje. Kobarid in okolica ponujata veliko paleto zgodovinskih in naravnih znamenitosti, ki so vsekakor vredne ogleda.<\/h5>\n<h5 style=\"text-align: center;\">Lokacija: <a href=\"https:\/\/www.google.si\/maps\/place\/Trg+svobode+14,+5222+Kobarid\/@46.2478411,13.5767585,17z\/data=!3m1!4b1!4m5!3m4!1s0x477a5c7ffa2de761:0xcb71d812de36e902!8m2!3d46.2478374!4d13.5789472?hl=sl&amp;authuser=0\" target=\"_blank\" rel=\"noopener\">Trg svobode 14, 5222 Kobarid<\/a><\/h5>\n<\/div>\n<\/div><\/div><\/div><\/div><div id=\"pgc-246-3-2\"  class=\"panel-grid-cell panel-grid-cell-empty\" ><\/div><\/div><\/div><div id=\"pg-246-4\"  class=\"panel-grid panel-has-style\" ><div class=\"siteorigin-panels-stretch panel-row-style panel-row-style-for-246-4\" data-stretch-type=\"full-stretched\" ><div id=\"pgc-246-4-0\"  class=\"panel-grid-cell panel-grid-cell-empty\" ><\/div><div id=\"pgc-246-4-1\"  class=\"panel-grid-cell panel-grid-cell-empty\" ><\/div><div id=\"pgc-246-4-2\"  class=\"panel-grid-cell panel-grid-cell-empty panel-grid-cell-mobile-last\" ><\/div><div id=\"pgc-246-4-3\"  class=\"panel-grid-cell panel-grid-cell-empty\" ><\/div><\/div><\/div><div id=\"pg-246-5\"  class=\"panel-grid panel-has-style\" ><div class=\"siteorigin-panels-stretch panel-row-style panel-row-style-for-246-5\" data-stretch-type=\"full-stretched\" ><div id=\"pgc-246-5-0\"  class=\"panel-grid-cell panel-grid-cell-empty\" ><\/div><div id=\"pgc-246-5-1\"  class=\"panel-grid-cell panel-grid-cell-empty panel-grid-cell-mobile-last\" ><\/div><div id=\"pgc-246-5-2\"  class=\"panel-grid-cell panel-grid-cell-empty\" ><\/div><\/div><\/div><div id=\"pg-246-6\"  class=\"panel-grid panel-has-style\" ><div class=\"siteorigin-panels-stretch panel-row-style panel-row-style-for-246-6\" data-stretch-type=\"full-stretched\" ><div id=\"pgc-246-6-0\"  class=\"panel-grid-cell\" ><div id=\"panel-246-6-0-0\" class=\"so-panel widget widget_sow-slider panel-first-child panel-last-child\" data-index=\"8\" ><div class=\"so-widget-sow-slider so-widget-sow-slider-default-53fd0f98de19-246\"><div class=\"sow-slider-base\" style=\"display: none\"><ul class=\"sow-slider-images\" data-settings=\"{&quot;pagination&quot;:true,&quot;speed&quot;:800,&quot;timeout&quot;:8000,&quot;paused&quot;:false,&quot;pause_on_hover&quot;:false,&quot;swipe&quot;:true,&quot;nav_always_show_desktop&quot;:&quot;&quot;,&quot;nav_always_show_mobile&quot;:&quot;&quot;,&quot;breakpoint&quot;:&quot;780px&quot;,&quot;unmute&quot;:false,&quot;anchor&quot;:null}\">\t\t<li class=\"sow-slider-image  sow-slider-image-cover\" style=\"background-image: url(https:\/\/visitsoca.net\/wp-content\/uploads\/2018\/03\/slider_6.jpg)\" >\n\t\t\t\t\t\t\t\t\t<img width=\"1440\" height=\"250\" src=\"https:\/\/visitsoca.net\/wp-content\/uploads\/2018\/03\/slider_6.jpg\" class=\"sow-slider-background-image skip-lazy\" alt=\"\" loading=\"eager\" srcset=\"https:\/\/visitsoca.net\/wp-content\/uploads\/2018\/03\/slider_6.jpg 1440w, https:\/\/visitsoca.net\/wp-content\/uploads\/2018\/03\/slider_6-300x52.jpg 300w, https:\/\/visitsoca.net\/wp-content\/uploads\/2018\/03\/slider_6-768x133.jpg 768w, https:\/\/visitsoca.net\/wp-content\/uploads\/2018\/03\/slider_6-1024x178.jpg 1024w, https:\/\/visitsoca.net\/wp-content\/uploads\/2018\/03\/slider_6-500x87.jpg 500w\" sizes=\"(max-width: 1440px) 100vw, 1440px\" \/>\t\t\t\t\t\t\t\t<\/li>\n\t\t\t\t<li class=\"sow-slider-image  sow-slider-image-cover\" style=\"background-image: url(https:\/\/visitsoca.net\/wp-content\/uploads\/2018\/03\/11-Napoleonov-most-Custom.jpg)\" >\n\t\t\t\t\t\t\t\t\t<img width=\"1440\" height=\"251\" src=\"https:\/\/visitsoca.net\/wp-content\/uploads\/2018\/03\/11-Napoleonov-most-Custom.jpg\" class=\"sow-slider-background-image skip-lazy\" alt=\"\" loading=\"eager\" srcset=\"https:\/\/visitsoca.net\/wp-content\/uploads\/2018\/03\/11-Napoleonov-most-Custom.jpg 1440w, https:\/\/visitsoca.net\/wp-content\/uploads\/2018\/03\/11-Napoleonov-most-Custom-300x52.jpg 300w, https:\/\/visitsoca.net\/wp-content\/uploads\/2018\/03\/11-Napoleonov-most-Custom-768x134.jpg 768w, https:\/\/visitsoca.net\/wp-content\/uploads\/2018\/03\/11-Napoleonov-most-Custom-1024x178.jpg 1024w\" sizes=\"(max-width: 1440px) 100vw, 1440px\" \/>\t\t\t\t\t\t\t\t<\/li>\n\t\t\t\t<li class=\"sow-slider-image  sow-slider-image-cover\" style=\"background-image: url(https:\/\/visitsoca.net\/wp-content\/uploads\/2018\/03\/slider_5.jpg)\" >\n\t\t\t\t\t\t\t\t\t<img width=\"1440\" height=\"250\" src=\"https:\/\/visitsoca.net\/wp-content\/uploads\/2018\/03\/slider_5.jpg\" class=\"sow-slider-background-image skip-lazy\" alt=\"\" loading=\"eager\" srcset=\"https:\/\/visitsoca.net\/wp-content\/uploads\/2018\/03\/slider_5.jpg 1440w, https:\/\/visitsoca.net\/wp-content\/uploads\/2018\/03\/slider_5-300x52.jpg 300w, https:\/\/visitsoca.net\/wp-content\/uploads\/2018\/03\/slider_5-768x133.jpg 768w, https:\/\/visitsoca.net\/wp-content\/uploads\/2018\/03\/slider_5-1024x178.jpg 1024w, https:\/\/visitsoca.net\/wp-content\/uploads\/2018\/03\/slider_5-500x87.jpg 500w\" sizes=\"(max-width: 1440px) 100vw, 1440px\" \/>\t\t\t\t\t\t\t\t<\/li>\n\t\t\t\t<li class=\"sow-slider-image  sow-slider-image-cover\" style=\"background-image: url(https:\/\/visitsoca.net\/wp-content\/uploads\/2018\/03\/DSC04443-UroSvig-MTB-slovenia_stitch-Custom.jpg)\" >\n\t\t\t\t\t\t\t\t\t<img width=\"1441\" height=\"250\" src=\"https:\/\/visitsoca.net\/wp-content\/uploads\/2018\/03\/DSC04443-UroSvig-MTB-slovenia_stitch-Custom.jpg\" class=\"sow-slider-background-image skip-lazy\" alt=\"\" loading=\"eager\" srcset=\"https:\/\/visitsoca.net\/wp-content\/uploads\/2018\/03\/DSC04443-UroSvig-MTB-slovenia_stitch-Custom.jpg 1441w, https:\/\/visitsoca.net\/wp-content\/uploads\/2018\/03\/DSC04443-UroSvig-MTB-slovenia_stitch-Custom-300x52.jpg 300w, https:\/\/visitsoca.net\/wp-content\/uploads\/2018\/03\/DSC04443-UroSvig-MTB-slovenia_stitch-Custom-768x133.jpg 768w, https:\/\/visitsoca.net\/wp-content\/uploads\/2018\/03\/DSC04443-UroSvig-MTB-slovenia_stitch-Custom-1024x178.jpg 1024w\" sizes=\"(max-width: 1441px) 100vw, 1441px\" \/>\t\t\t\t\t\t\t\t<\/li>\n\t\t\t\t<li class=\"sow-slider-image  sow-slider-image-cover\" style=\"background-image: url(https:\/\/visitsoca.net\/wp-content\/uploads\/2018\/03\/slider_4.jpg)\" >\n\t\t\t\t\t\t\t\t\t<img width=\"1440\" height=\"250\" src=\"https:\/\/visitsoca.net\/wp-content\/uploads\/2018\/03\/slider_4.jpg\" class=\"sow-slider-background-image skip-lazy\" alt=\"\" loading=\"eager\" srcset=\"https:\/\/visitsoca.net\/wp-content\/uploads\/2018\/03\/slider_4.jpg 1440w, https:\/\/visitsoca.net\/wp-content\/uploads\/2018\/03\/slider_4-300x52.jpg 300w, https:\/\/visitsoca.net\/wp-content\/uploads\/2018\/03\/slider_4-768x133.jpg 768w, https:\/\/visitsoca.net\/wp-content\/uploads\/2018\/03\/slider_4-1024x178.jpg 1024w, https:\/\/visitsoca.net\/wp-content\/uploads\/2018\/03\/slider_4-500x87.jpg 500w\" sizes=\"(max-width: 1440px) 100vw, 1440px\" \/>\t\t\t\t\t\t\t\t<\/li>\n\t\t\t\t<li class=\"sow-slider-image  sow-slider-image-cover\" style=\"background-image: url(https:\/\/visitsoca.net\/wp-content\/uploads\/2018\/03\/slider_3.jpg)\" >\n\t\t\t\t\t\t\t\t\t<img width=\"1440\" height=\"250\" src=\"https:\/\/visitsoca.net\/wp-content\/uploads\/2018\/03\/slider_3.jpg\" class=\"sow-slider-background-image skip-lazy\" alt=\"\" loading=\"eager\" srcset=\"https:\/\/visitsoca.net\/wp-content\/uploads\/2018\/03\/slider_3.jpg 1440w, https:\/\/visitsoca.net\/wp-content\/uploads\/2018\/03\/slider_3-300x52.jpg 300w, https:\/\/visitsoca.net\/wp-content\/uploads\/2018\/03\/slider_3-768x133.jpg 768w, https:\/\/visitsoca.net\/wp-content\/uploads\/2018\/03\/slider_3-1024x178.jpg 1024w, https:\/\/visitsoca.net\/wp-content\/uploads\/2018\/03\/slider_3-500x87.jpg 500w\" sizes=\"(max-width: 1440px) 100vw, 1440px\" \/>\t\t\t\t\t\t\t\t<\/li>\n\t\t<\/ul>\t\t\t\t<ol class=\"sow-slider-pagination\">\n\t\t\t\t\t\t\t\t\t\t\t<li><a href=\"#\" data-goto=\"0\" aria-label=\"display slide 1\"><\/a><\/li>\n\t\t\t\t\t\t\t\t\t\t\t<li><a href=\"#\" data-goto=\"1\" aria-label=\"display slide 2\"><\/a><\/li>\n\t\t\t\t\t\t\t\t\t\t\t<li><a href=\"#\" data-goto=\"2\" aria-label=\"display slide 3\"><\/a><\/li>\n\t\t\t\t\t\t\t\t\t\t\t<li><a href=\"#\" data-goto=\"3\" aria-label=\"display slide 4\"><\/a><\/li>\n\t\t\t\t\t\t\t\t\t\t\t<li><a href=\"#\" data-goto=\"4\" aria-label=\"display slide 5\"><\/a><\/li>\n\t\t\t\t\t\t\t\t\t\t\t<li><a href=\"#\" data-goto=\"5\" aria-label=\"display slide 6\"><\/a><\/li>\n\t\t\t\t\t\t\t\t\t<\/ol>\n\n\t\t\t\t<div class=\"sow-slide-nav sow-slide-nav-next\">\n\t\t\t\t\t<a href=\"#\" data-goto=\"next\" aria-label=\"next slide\" data-action=\"next\">\n\t\t\t\t\t\t<em class=\"sow-sld-icon-thin-right\"><\/em>\n\t\t\t\t\t<\/a>\n\t\t\t\t<\/div>\n\n\t\t\t\t<div class=\"sow-slide-nav sow-slide-nav-prev\">\n\t\t\t\t\t<a href=\"#\" data-goto=\"previous\" aria-label=\"previous slide\" data-action=\"prev\">\n\t\t\t\t\t\t<em class=\"sow-sld-icon-thin-left\"><\/em>\n\t\t\t\t\t<\/a>\n\t\t\t\t<\/div>\n\t\t\t\t<\/div><\/div><\/div><\/div><\/div><\/div><\/div>","protected":false},"excerpt":{"rendered":"<p>Apartmaji Hlapi s SPA<\/p>\n","protected":false},"author":1,"featured_media":0,"parent":0,"menu_order":0,"comment_status":"closed","ping_status":"closed","template":"","meta":{"_monsterinsights_skip_tracking":false,"_monsterinsights_sitenote_active":false,"_monsterinsights_sitenote_note":"","_monsterinsights_sitenote_category":0,"kt_blocks_editor_width":""},"_links":{"self":[{"href":"https:\/\/visitsoca.net\/home\/wp-json\/wp\/v2\/pages\/246"}],"collection":[{"href":"https:\/\/visitsoca.net\/home\/wp-json\/wp\/v2\/pages"}],"about":[{"href":"https:\/\/visitsoca.net\/home\/wp-json\/wp\/v2\/types\/page"}],"author":[{"embeddable":true,"href":"https:\/\/visitsoca.net\/home\/wp-json\/wp\/v2\/users\/1"}],"replies":[{"embeddable":true,"href":"https:\/\/visitsoca.net\/home\/wp-json\/wp\/v2\/comments?post=246"}],"version-history":[{"count":190,"href":"https:\/\/visitsoca.net\/home\/wp-json\/wp\/v2\/pages\/246\/revisions"}],"predecessor-version":[{"id":2406,"href":"https:\/\/visitsoca.net\/home\/wp-json\/wp\/v2\/pages\/246\/revisions\/2406"}],"wp:attachment":[{"href":"https:\/\/visitsoca.net\/home\/wp-json\/wp\/v2\/media?parent=246"}],"curies":[{"name":"wp","href":"https:\/\/api.w.org\/{rel}","templated":true}]}}