{"id":67,"date":"2017-11-13T22:08:21","date_gmt":"2017-11-13T22:08:21","guid":{"rendered":"http:\/\/visitsoca.net\/?page_id=67"},"modified":"2025-03-20T23:25:26","modified_gmt":"2025-03-20T23:25:26","slug":"home","status":"publish","type":"page","link":"https:\/\/visitsoca.net\/home\/en\/","title":{"rendered":"DOMOV"},"content":{"rendered":"<div id=\"pl-67\"  class=\"panel-layout\" ><div id=\"pg-67-0\"  class=\"panel-grid panel-has-style\" ><div class=\"siteorigin-panels-stretch panel-row-style panel-row-style-for-67-0\" data-stretch-type=\"full-stretched\" ><div id=\"pgc-67-0-0\"  class=\"panel-grid-cell panel-grid-cell-empty\" ><\/div><\/div><\/div><div id=\"pg-67-1\"  class=\"panel-grid panel-has-style\" ><div class=\"siteorigin-panels-stretch panel-row-style panel-row-style-for-67-1\" data-stretch-type=\"full-stretched\" ><div id=\"pgc-67-1-0\"  class=\"panel-grid-cell panel-grid-cell-empty\" ><\/div><div id=\"pgc-67-1-1\"  class=\"panel-grid-cell\" ><div id=\"panel-67-1-1-0\" class=\"so-panel widget widget_sow-image panel-first-child panel-last-child\" data-index=\"0\" ><div class=\"panel-widget-style panel-widget-style-for-67-1-1-0\" ><div class=\"so-widget-sow-image so-widget-sow-image-default-d6014b76747a-67\">\n<h3 class=\"widget-title\">Apartments Hlapi with SPA<\/h3>\n<div class=\"sow-image-container\">\n\t\t\t<a\n\t\t\thref=\"https:\/\/visitsoca.net\/home\/en\/apartmaji-hlapi\/\"\n\t\t\t\t\t>\n\t\t\t<img src=\"https:\/\/visitsoca.net\/wp-content\/uploads\/2022\/08\/20220711_122450-1.jpg\" width=\"1672\" height=\"1254\" srcset=\"https:\/\/visitsoca.net\/wp-content\/uploads\/2022\/08\/20220711_122450-1.jpg 1672w, https:\/\/visitsoca.net\/wp-content\/uploads\/2022\/08\/20220711_122450-1-300x225.jpg 300w, https:\/\/visitsoca.net\/wp-content\/uploads\/2022\/08\/20220711_122450-1-1024x768.jpg 1024w, https:\/\/visitsoca.net\/wp-content\/uploads\/2022\/08\/20220711_122450-1-768x576.jpg 768w, https:\/\/visitsoca.net\/wp-content\/uploads\/2022\/08\/20220711_122450-1-1536x1152.jpg 1536w, https:\/\/visitsoca.net\/wp-content\/uploads\/2022\/08\/20220711_122450-1-16x12.jpg 16w\" sizes=\"(max-width: 1672px) 100vw, 1672px\" title=\"Apartments Hlapi with SPA\" alt=\"\" loading=\"lazy\" \t\tclass=\"so-widget-image\"\/>\n\t<\/a><\/div>\n\n<\/div><\/div><\/div><\/div><div id=\"pgc-67-1-2\"  class=\"panel-grid-cell\" ><div id=\"panel-67-1-2-0\" class=\"so-panel widget widget_sow-image panel-first-child panel-last-child\" data-index=\"1\" ><div class=\"panel-widget-style panel-widget-style-for-67-1-2-0\" ><div class=\"so-widget-sow-image so-widget-sow-image-default-d6014b76747a-67\">\n<h3 class=\"widget-title\">Chalet \u017donir with Sauna<\/h3>\n<div class=\"sow-image-container\">\n\t\t\t<a\n\t\t\thref=\"https:\/\/visitsoca.net\/home\/en\/hiska-zonir-s-savno\/\"\n\t\t\t\t\t>\n\t\t\t<img src=\"https:\/\/visitsoca.net\/wp-content\/uploads\/2020\/06\/hiska.jpg\" width=\"1632\" height=\"1224\" srcset=\"https:\/\/visitsoca.net\/wp-content\/uploads\/2020\/06\/hiska.jpg 1632w, https:\/\/visitsoca.net\/wp-content\/uploads\/2020\/06\/hiska-300x225.jpg 300w, https:\/\/visitsoca.net\/wp-content\/uploads\/2020\/06\/hiska-768x576.jpg 768w, https:\/\/visitsoca.net\/wp-content\/uploads\/2020\/06\/hiska-1024x768.jpg 1024w\" sizes=\"(max-width: 1632px) 100vw, 1632px\" title=\"Chalet \u017donir with Sauna\" alt=\"\" loading=\"lazy\" \t\tclass=\"so-widget-image\"\/>\n\t<\/a><\/div>\n\n<\/div><\/div><\/div><\/div><div id=\"pgc-67-1-3\"  class=\"panel-grid-cell panel-grid-cell-mobile-last\" ><div id=\"panel-67-1-3-0\" class=\"so-panel widget widget_sow-image panel-first-child panel-last-child\" data-index=\"2\" ><div class=\"panel-widget-style panel-widget-style-for-67-1-3-0\" ><div class=\"so-widget-sow-image so-widget-sow-image-default-d6014b76747a-67\">\n<h3 class=\"widget-title\">Apartment \u017donir with Sauna<\/h3>\n<div class=\"sow-image-container\">\n\t\t\t<a\n\t\t\thref=\"https:\/\/visitsoca.net\/home\/en\/apartmaji-zonir\/\"\n\t\t\t\t\t>\n\t\t\t<img src=\"https:\/\/visitsoca.net\/wp-content\/uploads\/2021\/04\/Terasa.jpg\" width=\"1632\" height=\"1224\" srcset=\"https:\/\/visitsoca.net\/wp-content\/uploads\/2021\/04\/Terasa.jpg 1632w, https:\/\/visitsoca.net\/wp-content\/uploads\/2021\/04\/Terasa-300x225.jpg 300w, https:\/\/visitsoca.net\/wp-content\/uploads\/2021\/04\/Terasa-1024x768.jpg 1024w, https:\/\/visitsoca.net\/wp-content\/uploads\/2021\/04\/Terasa-768x576.jpg 768w, https:\/\/visitsoca.net\/wp-content\/uploads\/2021\/04\/Terasa-1536x1152.jpg 1536w\" sizes=\"(max-width: 1632px) 100vw, 1632px\" title=\"Apartment \u017donir with Sauna\" alt=\"\" loading=\"lazy\" \t\tclass=\"so-widget-image\"\/>\n\t<\/a><\/div>\n\n<\/div><\/div><\/div><\/div><div id=\"pgc-67-1-4\"  class=\"panel-grid-cell panel-grid-cell-empty\" ><\/div><\/div><\/div><div id=\"pg-67-2\"  class=\"panel-grid panel-has-style\" ><div class=\"siteorigin-panels-stretch panel-row-style panel-row-style-for-67-2\" data-stretch-type=\"full-stretched\" ><div id=\"pgc-67-2-0\"  class=\"panel-grid-cell panel-grid-cell-empty\" ><\/div><\/div><\/div><div id=\"pg-67-3\"  class=\"panel-grid panel-has-style\" ><div class=\"siteorigin-panels-stretch panel-row-style panel-row-style-for-67-3\" data-stretch-type=\"full-stretched\" ><div id=\"pgc-67-3-0\"  class=\"panel-grid-cell panel-grid-cell-empty\" ><\/div><div id=\"pgc-67-3-1\"  class=\"panel-grid-cell\" ><div id=\"panel-67-3-1-0\" class=\"so-panel widget widget_sow-image panel-first-child panel-last-child\" data-index=\"3\" ><div class=\"panel-widget-style panel-widget-style-for-67-3-1-0\" ><div class=\"so-widget-sow-image so-widget-sow-image-default-d6014b76747a-67\">\n<h3 class=\"widget-title\">Apartment Honey Bee with Sauna<\/h3>\n<div class=\"sow-image-container\">\n\t\t\t<a\n\t\t\thref=\"https:\/\/visitsoca.net\/home\/en\/apartmaji-honey-bee\/\"\n\t\t\t\t\t>\n\t\t\t<img src=\"https:\/\/visitsoca.net\/wp-content\/uploads\/2025\/03\/naslovna-2.jpg\" width=\"1672\" height=\"1254\" srcset=\"https:\/\/visitsoca.net\/wp-content\/uploads\/2025\/03\/naslovna-2.jpg 1672w, https:\/\/visitsoca.net\/wp-content\/uploads\/2025\/03\/naslovna-2-300x225.jpg 300w, https:\/\/visitsoca.net\/wp-content\/uploads\/2025\/03\/naslovna-2-1024x768.jpg 1024w, https:\/\/visitsoca.net\/wp-content\/uploads\/2025\/03\/naslovna-2-768x576.jpg 768w, https:\/\/visitsoca.net\/wp-content\/uploads\/2025\/03\/naslovna-2-1536x1152.jpg 1536w, https:\/\/visitsoca.net\/wp-content\/uploads\/2025\/03\/naslovna-2-16x12.jpg 16w\" sizes=\"(max-width: 1672px) 100vw, 1672px\" title=\"Apartment Honey Bee with Sauna\" alt=\"\" loading=\"lazy\" \t\tclass=\"so-widget-image\"\/>\n\t<\/a><\/div>\n\n<\/div><\/div><\/div><\/div><div id=\"pgc-67-3-2\"  class=\"panel-grid-cell panel-grid-cell-mobile-last\" ><div id=\"panel-67-3-2-0\" class=\"so-panel widget widget_sow-image panel-first-child panel-last-child\" data-index=\"4\" ><div class=\"panel-widget-style panel-widget-style-for-67-3-2-0\" ><div class=\"so-widget-sow-image so-widget-sow-image-default-d6014b76747a-67\">\n<h3 class=\"widget-title\">Transfer Taxi VisitSo\u010da Kobarid<\/h3>\n<div class=\"sow-image-container\">\n\t\t\t<a\n\t\t\thref=\"https:\/\/visitsoca.net\/home\/en\/transfer\/\"\n\t\t\t\t\t>\n\t\t\t<img src=\"https:\/\/visitsoca.net\/wp-content\/uploads\/2018\/03\/transfer_home.jpg\" width=\"1440\" height=\"1080\" srcset=\"https:\/\/visitsoca.net\/wp-content\/uploads\/2018\/03\/transfer_home.jpg 1440w, https:\/\/visitsoca.net\/wp-content\/uploads\/2018\/03\/transfer_home-300x225.jpg 300w, https:\/\/visitsoca.net\/wp-content\/uploads\/2018\/03\/transfer_home-768x576.jpg 768w, https:\/\/visitsoca.net\/wp-content\/uploads\/2018\/03\/transfer_home-1024x768.jpg 1024w, https:\/\/visitsoca.net\/wp-content\/uploads\/2018\/03\/transfer_home-500x375.jpg 500w\" sizes=\"(max-width: 1440px) 100vw, 1440px\" title=\"Transfer Taxi VisitSo\u010da Kobarid\" alt=\"\" loading=\"lazy\" \t\tclass=\"so-widget-image\"\/>\n\t<\/a><\/div>\n\n<\/div><\/div><\/div><\/div><div id=\"pgc-67-3-3\"  class=\"panel-grid-cell panel-grid-cell-empty\" ><\/div><\/div><\/div><div id=\"pg-67-4\"  class=\"panel-grid panel-no-style\" ><div id=\"pgc-67-4-0\"  class=\"panel-grid-cell panel-grid-cell-empty\" ><\/div><div id=\"pgc-67-4-1\"  class=\"panel-grid-cell panel-grid-cell-empty panel-grid-cell-mobile-last\" ><\/div><div id=\"pgc-67-4-2\"  class=\"panel-grid-cell panel-grid-cell-empty\" ><\/div><\/div><div id=\"pg-67-5\"  class=\"panel-grid panel-has-style\" ><div class=\"siteorigin-panels-stretch panel-row-style panel-row-style-for-67-5\" data-stretch-type=\"full-stretched\" ><div id=\"pgc-67-5-0\"  class=\"panel-grid-cell\" ><div id=\"panel-67-5-0-0\" class=\"so-panel widget widget_sow-slider panel-first-child\" data-index=\"5\" ><div class=\"so-widget-sow-slider so-widget-sow-slider-default-53fd0f98de19-67\"><div class=\"sow-slider-base\" style=\"display: none\"><ul class=\"sow-slider-images\" data-settings=\"{&quot;pagination&quot;:true,&quot;speed&quot;:800,&quot;timeout&quot;:8000,&quot;paused&quot;:false,&quot;pause_on_hover&quot;:false,&quot;swipe&quot;:true,&quot;nav_always_show_desktop&quot;:&quot;&quot;,&quot;nav_always_show_mobile&quot;:&quot;&quot;,&quot;breakpoint&quot;:&quot;780px&quot;,&quot;unmute&quot;:false,&quot;anchor&quot;:null}\">\t\t<li class=\"sow-slider-image  sow-slider-image-cover\" style=\"background-image: url(https:\/\/visitsoca.net\/wp-content\/uploads\/2018\/03\/slider_6.jpg)\" >\n\t\t\t\t\t\t\t\t\t<img width=\"1440\" height=\"250\" src=\"https:\/\/visitsoca.net\/wp-content\/uploads\/2018\/03\/slider_6.jpg\" class=\"sow-slider-background-image skip-lazy\" alt=\"\" loading=\"eager\" srcset=\"https:\/\/visitsoca.net\/wp-content\/uploads\/2018\/03\/slider_6.jpg 1440w, https:\/\/visitsoca.net\/wp-content\/uploads\/2018\/03\/slider_6-300x52.jpg 300w, https:\/\/visitsoca.net\/wp-content\/uploads\/2018\/03\/slider_6-768x133.jpg 768w, https:\/\/visitsoca.net\/wp-content\/uploads\/2018\/03\/slider_6-1024x178.jpg 1024w, https:\/\/visitsoca.net\/wp-content\/uploads\/2018\/03\/slider_6-500x87.jpg 500w\" sizes=\"(max-width: 1440px) 100vw, 1440px\" \/>\t\t\t\t\t\t\t\t<\/li>\n\t\t\t\t<li class=\"sow-slider-image  sow-slider-image-cover\" style=\"background-image: url(https:\/\/visitsoca.net\/wp-content\/uploads\/2018\/03\/11-Napoleonov-most-Custom.jpg)\" >\n\t\t\t\t\t\t\t\t\t<img width=\"1440\" height=\"251\" src=\"https:\/\/visitsoca.net\/wp-content\/uploads\/2018\/03\/11-Napoleonov-most-Custom.jpg\" class=\"sow-slider-background-image skip-lazy\" alt=\"\" loading=\"eager\" srcset=\"https:\/\/visitsoca.net\/wp-content\/uploads\/2018\/03\/11-Napoleonov-most-Custom.jpg 1440w, https:\/\/visitsoca.net\/wp-content\/uploads\/2018\/03\/11-Napoleonov-most-Custom-300x52.jpg 300w, https:\/\/visitsoca.net\/wp-content\/uploads\/2018\/03\/11-Napoleonov-most-Custom-768x134.jpg 768w, https:\/\/visitsoca.net\/wp-content\/uploads\/2018\/03\/11-Napoleonov-most-Custom-1024x178.jpg 1024w\" sizes=\"(max-width: 1440px) 100vw, 1440px\" \/>\t\t\t\t\t\t\t\t<\/li>\n\t\t\t\t<li class=\"sow-slider-image  sow-slider-image-cover\" style=\"background-image: url(https:\/\/visitsoca.net\/wp-content\/uploads\/2018\/03\/slider_5.jpg)\" >\n\t\t\t\t\t\t\t\t\t<img width=\"1440\" height=\"250\" src=\"https:\/\/visitsoca.net\/wp-content\/uploads\/2018\/03\/slider_5.jpg\" class=\"sow-slider-background-image skip-lazy\" alt=\"\" loading=\"eager\" srcset=\"https:\/\/visitsoca.net\/wp-content\/uploads\/2018\/03\/slider_5.jpg 1440w, https:\/\/visitsoca.net\/wp-content\/uploads\/2018\/03\/slider_5-300x52.jpg 300w, https:\/\/visitsoca.net\/wp-content\/uploads\/2018\/03\/slider_5-768x133.jpg 768w, https:\/\/visitsoca.net\/wp-content\/uploads\/2018\/03\/slider_5-1024x178.jpg 1024w, https:\/\/visitsoca.net\/wp-content\/uploads\/2018\/03\/slider_5-500x87.jpg 500w\" sizes=\"(max-width: 1440px) 100vw, 1440px\" \/>\t\t\t\t\t\t\t\t<\/li>\n\t\t\t\t<li class=\"sow-slider-image  sow-slider-image-cover\" style=\"background-image: url(https:\/\/visitsoca.net\/wp-content\/uploads\/2018\/03\/DSC04443-UroSvig-MTB-slovenia_stitch-Custom.jpg)\" >\n\t\t\t\t\t\t\t\t\t<img width=\"1441\" height=\"250\" src=\"https:\/\/visitsoca.net\/wp-content\/uploads\/2018\/03\/DSC04443-UroSvig-MTB-slovenia_stitch-Custom.jpg\" class=\"sow-slider-background-image skip-lazy\" alt=\"\" loading=\"eager\" srcset=\"https:\/\/visitsoca.net\/wp-content\/uploads\/2018\/03\/DSC04443-UroSvig-MTB-slovenia_stitch-Custom.jpg 1441w, https:\/\/visitsoca.net\/wp-content\/uploads\/2018\/03\/DSC04443-UroSvig-MTB-slovenia_stitch-Custom-300x52.jpg 300w, https:\/\/visitsoca.net\/wp-content\/uploads\/2018\/03\/DSC04443-UroSvig-MTB-slovenia_stitch-Custom-768x133.jpg 768w, https:\/\/visitsoca.net\/wp-content\/uploads\/2018\/03\/DSC04443-UroSvig-MTB-slovenia_stitch-Custom-1024x178.jpg 1024w\" sizes=\"(max-width: 1441px) 100vw, 1441px\" \/>\t\t\t\t\t\t\t\t<\/li>\n\t\t\t\t<li class=\"sow-slider-image  sow-slider-image-cover\" style=\"background-image: url(https:\/\/visitsoca.net\/wp-content\/uploads\/2018\/03\/slider_4.jpg)\" >\n\t\t\t\t\t\t\t\t\t<img width=\"1440\" height=\"250\" src=\"https:\/\/visitsoca.net\/wp-content\/uploads\/2018\/03\/slider_4.jpg\" class=\"sow-slider-background-image skip-lazy\" alt=\"\" loading=\"eager\" srcset=\"https:\/\/visitsoca.net\/wp-content\/uploads\/2018\/03\/slider_4.jpg 1440w, https:\/\/visitsoca.net\/wp-content\/uploads\/2018\/03\/slider_4-300x52.jpg 300w, https:\/\/visitsoca.net\/wp-content\/uploads\/2018\/03\/slider_4-768x133.jpg 768w, https:\/\/visitsoca.net\/wp-content\/uploads\/2018\/03\/slider_4-1024x178.jpg 1024w, https:\/\/visitsoca.net\/wp-content\/uploads\/2018\/03\/slider_4-500x87.jpg 500w\" sizes=\"(max-width: 1440px) 100vw, 1440px\" \/>\t\t\t\t\t\t\t\t<\/li>\n\t\t\t\t<li class=\"sow-slider-image  sow-slider-image-cover\" style=\"background-image: url(https:\/\/visitsoca.net\/wp-content\/uploads\/2018\/03\/slider_3.jpg)\" >\n\t\t\t\t\t\t\t\t\t<img width=\"1440\" height=\"250\" src=\"https:\/\/visitsoca.net\/wp-content\/uploads\/2018\/03\/slider_3.jpg\" class=\"sow-slider-background-image skip-lazy\" alt=\"\" loading=\"eager\" srcset=\"https:\/\/visitsoca.net\/wp-content\/uploads\/2018\/03\/slider_3.jpg 1440w, https:\/\/visitsoca.net\/wp-content\/uploads\/2018\/03\/slider_3-300x52.jpg 300w, https:\/\/visitsoca.net\/wp-content\/uploads\/2018\/03\/slider_3-768x133.jpg 768w, https:\/\/visitsoca.net\/wp-content\/uploads\/2018\/03\/slider_3-1024x178.jpg 1024w, https:\/\/visitsoca.net\/wp-content\/uploads\/2018\/03\/slider_3-500x87.jpg 500w\" sizes=\"(max-width: 1440px) 100vw, 1440px\" \/>\t\t\t\t\t\t\t\t<\/li>\n\t\t<\/ul>\t\t\t\t<ol class=\"sow-slider-pagination\">\n\t\t\t\t\t\t\t\t\t\t\t<li><a href=\"#\" data-goto=\"0\" aria-label=\"display slide 1\"><\/a><\/li>\n\t\t\t\t\t\t\t\t\t\t\t<li><a href=\"#\" data-goto=\"1\" aria-label=\"display slide 2\"><\/a><\/li>\n\t\t\t\t\t\t\t\t\t\t\t<li><a href=\"#\" data-goto=\"2\" aria-label=\"display slide 3\"><\/a><\/li>\n\t\t\t\t\t\t\t\t\t\t\t<li><a href=\"#\" data-goto=\"3\" aria-label=\"display slide 4\"><\/a><\/li>\n\t\t\t\t\t\t\t\t\t\t\t<li><a href=\"#\" data-goto=\"4\" aria-label=\"display slide 5\"><\/a><\/li>\n\t\t\t\t\t\t\t\t\t\t\t<li><a href=\"#\" data-goto=\"5\" aria-label=\"display slide 6\"><\/a><\/li>\n\t\t\t\t\t\t\t\t\t<\/ol>\n\n\t\t\t\t<div class=\"sow-slide-nav sow-slide-nav-next\">\n\t\t\t\t\t<a href=\"#\" data-goto=\"next\" aria-label=\"next slide\" data-action=\"next\">\n\t\t\t\t\t\t<em class=\"sow-sld-icon-thin-right\"><\/em>\n\t\t\t\t\t<\/a>\n\t\t\t\t<\/div>\n\n\t\t\t\t<div class=\"sow-slide-nav sow-slide-nav-prev\">\n\t\t\t\t\t<a href=\"#\" data-goto=\"previous\" aria-label=\"previous slide\" data-action=\"prev\">\n\t\t\t\t\t\t<em class=\"sow-sld-icon-thin-left\"><\/em>\n\t\t\t\t\t<\/a>\n\t\t\t\t<\/div>\n\t\t\t\t<\/div><\/div><\/div><div id=\"panel-67-5-0-1\" class=\"so-panel widget widget_sow-image panel-last-child\" data-index=\"6\" ><div class=\"so-widget-sow-image so-widget-sow-image-default-4b231843ec72-67\">\n\n<div class=\"sow-image-container\">\n\t\t\t<a\n\t\t\thref=\"https:\/\/visitsoca.net\/home\/en\/kontakt\/\"\n\t\t\t\t\t>\n\t\t\t<img src=\"https:\/\/visitsoca.net\/wp-content\/uploads\/2022\/09\/rezerviraj_white-ANG.png\" width=\"2560\" height=\"300\" srcset=\"https:\/\/visitsoca.net\/wp-content\/uploads\/2022\/09\/rezerviraj_white-ANG.png 2560w, https:\/\/visitsoca.net\/wp-content\/uploads\/2022\/09\/rezerviraj_white-ANG-300x35.png 300w, https:\/\/visitsoca.net\/wp-content\/uploads\/2022\/09\/rezerviraj_white-ANG-1024x120.png 1024w, https:\/\/visitsoca.net\/wp-content\/uploads\/2022\/09\/rezerviraj_white-ANG-768x90.png 768w, https:\/\/visitsoca.net\/wp-content\/uploads\/2022\/09\/rezerviraj_white-ANG-1536x180.png 1536w, https:\/\/visitsoca.net\/wp-content\/uploads\/2022\/09\/rezerviraj_white-ANG-2048x240.png 2048w, https:\/\/visitsoca.net\/wp-content\/uploads\/2022\/09\/rezerviraj_white-ANG-18x2.png 18w\" sizes=\"(max-width: 2560px) 100vw, 2560px\" alt=\"\" loading=\"lazy\" \t\tclass=\"so-widget-image\"\/>\n\t<\/a><\/div>\n\n<\/div><\/div><\/div><\/div><\/div><div id=\"pg-67-6\"  class=\"panel-grid panel-no-style\" ><div id=\"pgc-67-6-0\"  class=\"panel-grid-cell panel-grid-cell-empty\" ><\/div><div id=\"pgc-67-6-1\"  class=\"panel-grid-cell panel-grid-cell-mobile-last\" ><div id=\"panel-67-6-1-0\" class=\"so-panel widget widget_sow-editor panel-first-child\" data-index=\"7\" ><div class=\"so-widget-sow-editor so-widget-sow-editor-base\"><h3 class=\"widget-title\">Energy renovation Apartments Hlapi<\/h3>\n<div class=\"siteorigin-widget-tinymce textwidget\">\n\t<h5>The operation was carried out in the framework of JR Support to micro, small and medium-sized companies in the field of tourism to increase material and energy efficiency. The operation is partially co-financed by the European Union, the European Fund for Regional Development.<\/h5>\n<h5 style=\"text-align: left;\">As part of the operation, the following activities were carried out:<br \/>\n- Replacement of building furniture<br \/>\n- Installation of heating power<br \/>\n- Talno ogrevanje<br \/>\n- Recovery ventilation<br \/>\n- Installation of equipment to reduce water consumption<br \/>\n- Roof insulation<br \/>\n- Installation of equipment to reduce volume of waste<br \/>\n- Informing and communication<\/h5>\n<p style=\"text-align: left;\"><a href=\"https:\/\/visitsoca.net\/wp-content\/uploads\/2022\/12\/Plakat-sp.str_..pdf\" target=\"_blank\" rel=\"noopener\"><img loading=\"lazy\" class=\"wp-image-2267 size-medium alignleft\" src=\"https:\/\/visitsoca.net\/wp-content\/uploads\/2022\/12\/EU-znak-300x145.jpg\" alt=\"\" width=\"300\" height=\"145\" srcset=\"https:\/\/visitsoca.net\/wp-content\/uploads\/2022\/12\/EU-znak-300x145.jpg 300w, https:\/\/visitsoca.net\/wp-content\/uploads\/2022\/12\/EU-znak-768x372.jpg 768w, https:\/\/visitsoca.net\/wp-content\/uploads\/2022\/12\/EU-znak-18x9.jpg 18w, https:\/\/visitsoca.net\/wp-content\/uploads\/2022\/12\/EU-znak.jpg 1000w\" sizes=\"(max-width: 300px) 100vw, 300px\" \/><\/a><\/p>\n<\/div>\n<\/div><\/div><div id=\"panel-67-6-1-1\" class=\"so-panel widget widget_sow-editor panel-last-child\" data-index=\"8\" ><div class=\"so-widget-sow-editor so-widget-sow-editor-base\">\n<div class=\"siteorigin-widget-tinymce textwidget\">\n\t<\/div>\n<\/div><\/div><\/div><div id=\"pgc-67-6-2\"  class=\"panel-grid-cell panel-grid-cell-empty\" ><\/div><\/div><\/div>","protected":false},"excerpt":{"rendered":"<p>Apartmaji Hlapi s SPA Hi\u0161ka \u017donir s Savno Apartma \u017donir s Savno Apartma Honey Bee s Savno Transfer Taxi VisitSo\u010da Kobarid Energetska sanacija Apartmaji Hlapi Operacija je izvedena v okviru JR Podpora mikro, malim in srednje velikim podjetjem s podro\u010dja &hellip; <a href=\"https:\/\/visitsoca.net\/home\/en\/\">Continued<\/a><\/p>","protected":false},"author":1,"featured_media":0,"parent":0,"menu_order":0,"comment_status":"closed","ping_status":"closed","template":"page-fullwidth.php","meta":{"_monsterinsights_skip_tracking":false,"_monsterinsights_sitenote_active":false,"_monsterinsights_sitenote_note":"","_monsterinsights_sitenote_category":0,"kt_blocks_editor_width":""},"_links":{"self":[{"href":"https:\/\/visitsoca.net\/home\/en\/wp-json\/wp\/v2\/pages\/67"}],"collection":[{"href":"https:\/\/visitsoca.net\/home\/en\/wp-json\/wp\/v2\/pages"}],"about":[{"href":"https:\/\/visitsoca.net\/home\/en\/wp-json\/wp\/v2\/types\/page"}],"author":[{"embeddable":true,"href":"https:\/\/visitsoca.net\/home\/en\/wp-json\/wp\/v2\/users\/1"}],"replies":[{"embeddable":true,"href":"https:\/\/visitsoca.net\/home\/en\/wp-json\/wp\/v2\/comments?post=67"}],"version-history":[{"count":351,"href":"https:\/\/visitsoca.net\/home\/en\/wp-json\/wp\/v2\/pages\/67\/revisions"}],"predecessor-version":[{"id":2497,"href":"https:\/\/visitsoca.net\/home\/en\/wp-json\/wp\/v2\/pages\/67\/revisions\/2497"}],"wp:attachment":[{"href":"https:\/\/visitsoca.net\/home\/en\/wp-json\/wp\/v2\/media?parent=67"}],"curies":[{"name":"wp","href":"https:\/\/api.w.org\/{rel}","templated":true}]}}