{"id":248,"date":"2017-11-26T17:05:21","date_gmt":"2017-11-26T17:05:21","guid":{"rendered":"http:\/\/visitsoca.net\/?page_id=248"},"modified":"2025-05-28T18:57:59","modified_gmt":"2025-05-28T18:57:59","slug":"apartmaji-zonir","status":"publish","type":"page","link":"https:\/\/visitsoca.net\/home\/en\/apartmaji-zonir\/","title":{"rendered":"Apartment \u017donir with Sauna"},"content":{"rendered":"<div id=\"pl-248\"  class=\"panel-layout\" ><div id=\"pg-248-0\"  class=\"panel-grid panel-has-style\" ><div class=\"siteorigin-panels-stretch panel-row-style panel-row-style-for-248-0\" data-stretch-type=\"full-stretched\" ><div id=\"pgc-248-0-0\"  class=\"panel-grid-cell\" ><div id=\"panel-248-0-0-0\" class=\"so-panel widget widget_sow-slider panel-first-child panel-last-child\" data-index=\"0\" ><div class=\"panel-widget-style panel-widget-style-for-248-0-0-0\" ><div class=\"so-widget-sow-slider so-widget-sow-slider-default-53fd0f98de19-248\"><div class=\"sow-slider-base\" style=\"display: none\"><ul class=\"sow-slider-images\" data-settings=\"{&quot;pagination&quot;:true,&quot;speed&quot;:800,&quot;timeout&quot;:8000,&quot;paused&quot;:false,&quot;pause_on_hover&quot;:false,&quot;swipe&quot;:true,&quot;nav_always_show_desktop&quot;:&quot;&quot;,&quot;nav_always_show_mobile&quot;:&quot;&quot;,&quot;breakpoint&quot;:&quot;780px&quot;,&quot;unmute&quot;:false,&quot;anchor&quot;:null}\">\t\t<li class=\"sow-slider-image  sow-slider-image-cover\" style=\"background-image: url(https:\/\/visitsoca.net\/wp-content\/uploads\/2018\/03\/slider_6.jpg)\" >\n\t\t\t\t\t\t\t\t\t<img width=\"1440\" height=\"250\" src=\"https:\/\/visitsoca.net\/wp-content\/uploads\/2018\/03\/slider_6.jpg\" class=\"sow-slider-background-image skip-lazy\" alt=\"\" loading=\"eager\" srcset=\"https:\/\/visitsoca.net\/wp-content\/uploads\/2018\/03\/slider_6.jpg 1440w, https:\/\/visitsoca.net\/wp-content\/uploads\/2018\/03\/slider_6-300x52.jpg 300w, https:\/\/visitsoca.net\/wp-content\/uploads\/2018\/03\/slider_6-768x133.jpg 768w, https:\/\/visitsoca.net\/wp-content\/uploads\/2018\/03\/slider_6-1024x178.jpg 1024w, https:\/\/visitsoca.net\/wp-content\/uploads\/2018\/03\/slider_6-500x87.jpg 500w\" sizes=\"(max-width: 1440px) 100vw, 1440px\" \/>\t\t\t\t\t\t\t\t<\/li>\n\t\t\t\t<li class=\"sow-slider-image  sow-slider-image-cover\" style=\"background-image: url(https:\/\/visitsoca.net\/wp-content\/uploads\/2018\/03\/11-Napoleonov-most-Custom.jpg)\" >\n\t\t\t\t\t\t\t\t\t<img width=\"1440\" height=\"251\" src=\"https:\/\/visitsoca.net\/wp-content\/uploads\/2018\/03\/11-Napoleonov-most-Custom.jpg\" class=\"sow-slider-background-image skip-lazy\" alt=\"\" loading=\"eager\" srcset=\"https:\/\/visitsoca.net\/wp-content\/uploads\/2018\/03\/11-Napoleonov-most-Custom.jpg 1440w, https:\/\/visitsoca.net\/wp-content\/uploads\/2018\/03\/11-Napoleonov-most-Custom-300x52.jpg 300w, https:\/\/visitsoca.net\/wp-content\/uploads\/2018\/03\/11-Napoleonov-most-Custom-768x134.jpg 768w, https:\/\/visitsoca.net\/wp-content\/uploads\/2018\/03\/11-Napoleonov-most-Custom-1024x178.jpg 1024w\" sizes=\"(max-width: 1440px) 100vw, 1440px\" \/>\t\t\t\t\t\t\t\t<\/li>\n\t\t\t\t<li class=\"sow-slider-image  sow-slider-image-cover\" style=\"background-image: url(https:\/\/visitsoca.net\/wp-content\/uploads\/2018\/03\/slider_5.jpg)\" >\n\t\t\t\t\t\t\t\t\t<img width=\"1440\" height=\"250\" src=\"https:\/\/visitsoca.net\/wp-content\/uploads\/2018\/03\/slider_5.jpg\" class=\"sow-slider-background-image skip-lazy\" alt=\"\" loading=\"eager\" srcset=\"https:\/\/visitsoca.net\/wp-content\/uploads\/2018\/03\/slider_5.jpg 1440w, https:\/\/visitsoca.net\/wp-content\/uploads\/2018\/03\/slider_5-300x52.jpg 300w, https:\/\/visitsoca.net\/wp-content\/uploads\/2018\/03\/slider_5-768x133.jpg 768w, https:\/\/visitsoca.net\/wp-content\/uploads\/2018\/03\/slider_5-1024x178.jpg 1024w, https:\/\/visitsoca.net\/wp-content\/uploads\/2018\/03\/slider_5-500x87.jpg 500w\" sizes=\"(max-width: 1440px) 100vw, 1440px\" \/>\t\t\t\t\t\t\t\t<\/li>\n\t\t\t\t<li class=\"sow-slider-image  sow-slider-image-cover\" style=\"background-image: url(https:\/\/visitsoca.net\/wp-content\/uploads\/2018\/03\/DSC04443-UroSvig-MTB-slovenia_stitch-Custom.jpg)\" >\n\t\t\t\t\t\t\t\t\t<img width=\"1441\" height=\"250\" src=\"https:\/\/visitsoca.net\/wp-content\/uploads\/2018\/03\/DSC04443-UroSvig-MTB-slovenia_stitch-Custom.jpg\" class=\"sow-slider-background-image skip-lazy\" alt=\"\" loading=\"eager\" srcset=\"https:\/\/visitsoca.net\/wp-content\/uploads\/2018\/03\/DSC04443-UroSvig-MTB-slovenia_stitch-Custom.jpg 1441w, https:\/\/visitsoca.net\/wp-content\/uploads\/2018\/03\/DSC04443-UroSvig-MTB-slovenia_stitch-Custom-300x52.jpg 300w, https:\/\/visitsoca.net\/wp-content\/uploads\/2018\/03\/DSC04443-UroSvig-MTB-slovenia_stitch-Custom-768x133.jpg 768w, https:\/\/visitsoca.net\/wp-content\/uploads\/2018\/03\/DSC04443-UroSvig-MTB-slovenia_stitch-Custom-1024x178.jpg 1024w\" sizes=\"(max-width: 1441px) 100vw, 1441px\" \/>\t\t\t\t\t\t\t\t<\/li>\n\t\t\t\t<li class=\"sow-slider-image  sow-slider-image-cover\" style=\"background-image: url(https:\/\/visitsoca.net\/wp-content\/uploads\/2018\/03\/slider_4.jpg)\" >\n\t\t\t\t\t\t\t\t\t<img width=\"1440\" height=\"250\" src=\"https:\/\/visitsoca.net\/wp-content\/uploads\/2018\/03\/slider_4.jpg\" class=\"sow-slider-background-image skip-lazy\" alt=\"\" loading=\"eager\" srcset=\"https:\/\/visitsoca.net\/wp-content\/uploads\/2018\/03\/slider_4.jpg 1440w, https:\/\/visitsoca.net\/wp-content\/uploads\/2018\/03\/slider_4-300x52.jpg 300w, https:\/\/visitsoca.net\/wp-content\/uploads\/2018\/03\/slider_4-768x133.jpg 768w, https:\/\/visitsoca.net\/wp-content\/uploads\/2018\/03\/slider_4-1024x178.jpg 1024w, https:\/\/visitsoca.net\/wp-content\/uploads\/2018\/03\/slider_4-500x87.jpg 500w\" sizes=\"(max-width: 1440px) 100vw, 1440px\" \/>\t\t\t\t\t\t\t\t<\/li>\n\t\t\t\t<li class=\"sow-slider-image  sow-slider-image-cover\" style=\"background-image: url(https:\/\/visitsoca.net\/wp-content\/uploads\/2018\/03\/slider_3.jpg)\" >\n\t\t\t\t\t\t\t\t\t<img width=\"1440\" height=\"250\" src=\"https:\/\/visitsoca.net\/wp-content\/uploads\/2018\/03\/slider_3.jpg\" class=\"sow-slider-background-image skip-lazy\" alt=\"\" loading=\"eager\" srcset=\"https:\/\/visitsoca.net\/wp-content\/uploads\/2018\/03\/slider_3.jpg 1440w, https:\/\/visitsoca.net\/wp-content\/uploads\/2018\/03\/slider_3-300x52.jpg 300w, https:\/\/visitsoca.net\/wp-content\/uploads\/2018\/03\/slider_3-768x133.jpg 768w, https:\/\/visitsoca.net\/wp-content\/uploads\/2018\/03\/slider_3-1024x178.jpg 1024w, https:\/\/visitsoca.net\/wp-content\/uploads\/2018\/03\/slider_3-500x87.jpg 500w\" sizes=\"(max-width: 1440px) 100vw, 1440px\" \/>\t\t\t\t\t\t\t\t<\/li>\n\t\t<\/ul>\t\t\t\t<ol class=\"sow-slider-pagination\">\n\t\t\t\t\t\t\t\t\t\t\t<li><a href=\"#\" data-goto=\"0\" aria-label=\"display slide 1\"><\/a><\/li>\n\t\t\t\t\t\t\t\t\t\t\t<li><a href=\"#\" data-goto=\"1\" aria-label=\"display slide 2\"><\/a><\/li>\n\t\t\t\t\t\t\t\t\t\t\t<li><a href=\"#\" data-goto=\"2\" aria-label=\"display slide 3\"><\/a><\/li>\n\t\t\t\t\t\t\t\t\t\t\t<li><a href=\"#\" data-goto=\"3\" aria-label=\"display slide 4\"><\/a><\/li>\n\t\t\t\t\t\t\t\t\t\t\t<li><a href=\"#\" data-goto=\"4\" aria-label=\"display slide 5\"><\/a><\/li>\n\t\t\t\t\t\t\t\t\t\t\t<li><a href=\"#\" data-goto=\"5\" aria-label=\"display slide 6\"><\/a><\/li>\n\t\t\t\t\t\t\t\t\t<\/ol>\n\n\t\t\t\t<div class=\"sow-slide-nav sow-slide-nav-next\">\n\t\t\t\t\t<a href=\"#\" data-goto=\"next\" aria-label=\"next slide\" data-action=\"next\">\n\t\t\t\t\t\t<em class=\"sow-sld-icon-thin-right\"><\/em>\n\t\t\t\t\t<\/a>\n\t\t\t\t<\/div>\n\n\t\t\t\t<div class=\"sow-slide-nav sow-slide-nav-prev\">\n\t\t\t\t\t<a href=\"#\" data-goto=\"previous\" aria-label=\"previous slide\" data-action=\"prev\">\n\t\t\t\t\t\t<em class=\"sow-sld-icon-thin-left\"><\/em>\n\t\t\t\t\t<\/a>\n\t\t\t\t<\/div>\n\t\t\t\t<\/div><\/div><\/div><\/div><\/div><\/div><\/div><div id=\"pg-248-1\"  class=\"panel-grid panel-has-style\" ><div class=\"siteorigin-panels-stretch panel-row-style panel-row-style-for-248-1\" data-stretch-type=\"full-stretched\" ><div id=\"pgc-248-1-0\"  class=\"panel-grid-cell panel-grid-cell-empty\" ><\/div><div id=\"pgc-248-1-1\"  class=\"panel-grid-cell panel-grid-cell-mobile-last\" ><div id=\"panel-248-1-1-0\" class=\"so-panel widget widget_sow-editor panel-first-child panel-last-child\" data-index=\"1\" ><div class=\"panel-widget-style panel-widget-style-for-248-1-1-0\" ><div class=\"so-widget-sow-editor so-widget-sow-editor-base\">\n<div class=\"siteorigin-widget-tinymce textwidget\">\n\t<h1>Apartment \u017donir with Sauna<\/h1>\n<\/div>\n<\/div><\/div><\/div><\/div><div id=\"pgc-248-1-2\"  class=\"panel-grid-cell panel-grid-cell-empty\" ><\/div><\/div><\/div><div id=\"pg-248-2\"  class=\"panel-grid panel-has-style\" ><div class=\"siteorigin-panels-stretch panel-row-style panel-row-style-for-248-2\" data-stretch-type=\"full-stretched\" ><div id=\"pgc-248-2-0\"  class=\"panel-grid-cell panel-grid-cell-empty\" ><\/div><div id=\"pgc-248-2-1\"  class=\"panel-grid-cell\" ><div id=\"panel-248-2-1-0\" class=\"so-panel widget widget_text panel-first-child panel-last-child\" data-index=\"2\" >\t\t\t<div class=\"textwidget\"><div id=\"supsystic-slider-wrapper-6_34174\" class=\"supsystic-slider-wrapper\">\n<div class=\"slider-sharing-top\"><\/div>\n<div id=\"supsystic-slider-6_34174\" class=\"supsystic-slider supsystic-slider-bx\" data-type=\"bx\" data-settings=\"{&quot;general&quot;:{&quot;mode&quot;:&quot;horizontal&quot;,&quot;moveSlides&quot;:&quot;0&quot;,&quot;auto&quot;:&quot;enable&quot;,&quot;slideshowControls&quot;:&quot;disable&quot;,&quot;navigation&quot;:&quot;1&quot;,&quot;rows&quot;:&quot;2&quot;,&quot;captions&quot;:&quot;false&quot;,&quot;captionsByMouseover&quot;:&quot;true&quot;,&quot;speed&quot;:&quot;500&quot;,&quot;randomStart&quot;:&quot;1&quot;,&quot;easing&quot;:&quot;linear&quot;},&quot;touch&quot;:{&quot;touchEnabled&quot;:&quot;true&quot;,&quot;oneToOne&quot;:&quot;false&quot;,&quot;swipeThreshold&quot;:&quot;80&quot;},&quot;pager&quot;:{&quot;pagerEnabled&quot;:&quot;true&quot;,&quot;pagerType&quot;:&quot;full&quot;},&quot;properties&quot;:{&quot;width&quot;:&quot;800&quot;,&quot;widthType&quot;:&quot;px&quot;,&quot;height&quot;:&quot;550&quot;,&quot;videoAutoplay&quot;:&quot;false&quot;,&quot;position&quot;:&quot;center&quot;},&quot;caption&quot;:{&quot;color&quot;:&quot;#fff&quot;,&quot;font-size&quot;:&quot;14&quot;,&quot;text-align&quot;:&quot;auto&quot;,&quot;font-family&quot;:&quot;Open Sans&quot;,&quot;background-color-hex&quot;:&quot;#000&quot;,&quot;background-color&quot;:&quot;rgba(0, 0, 0, 1)&quot;,&quot;background-opacity&quot;:&quot;0.5&quot;,&quot;inTop&quot;:&quot;false&quot;},&quot;socialSharing&quot;:{&quot;status&quot;:&quot;disable&quot;,&quot;pluginInstalled&quot;:false,&quot;projectsList&quot;:[],&quot;html&quot;:&quot;&quot;},&quot;__veditor__&quot;:&quot;&quot;}\" data-thumbs=\"thumbnails-6\" style=\"visibility: hidden; direction: ltr;overflow-x: hidden;\">\n<ul style=\"visibility: hidden; margin: 0 !important;\">\n<li class=\"slide\" data-id=\"1\"> <img src=\"https:\/\/visitsoca.net\/wp-content\/uploads\/2018\/03\/zonir_6-800x550.jpg\" alt=\"\" title=\"\" data-title=\"\"\/> <\/li>\n<li class=\"slide\" data-id=\"2\"> <img src=\"https:\/\/visitsoca.net\/wp-content\/uploads\/2018\/03\/zonir_7-800x550.jpg\" alt=\"\" title=\"\" data-title=\"\"\/> <\/li>\n<li class=\"slide\" data-id=\"3\"> <img src=\"https:\/\/visitsoca.net\/wp-content\/uploads\/2018\/03\/zonir_home-800x550.jpg\" alt=\"\" title=\"\" data-title=\"\"\/> <\/li>\n<li class=\"slide\" data-id=\"4\"> <img src=\"https:\/\/visitsoca.net\/wp-content\/uploads\/2020\/06\/20200528_193532-800x550.jpg\" alt=\"\" title=\"\" data-title=\"\"\/> <\/li>\n<li class=\"slide\" data-id=\"5\"> <img src=\"https:\/\/visitsoca.net\/wp-content\/uploads\/2020\/09\/20200929_170026-800x550.jpg\" alt=\"\" title=\"\" data-title=\"\"\/> <\/li>\n<li class=\"slide\" data-id=\"6\"> <img src=\"https:\/\/visitsoca.net\/wp-content\/uploads\/2020\/09\/20200929_165643-800x550.jpg\" alt=\"\" title=\"\" data-title=\"\"\/> <\/li>\n<li class=\"slide\" data-id=\"7\"> <img src=\"https:\/\/visitsoca.net\/wp-content\/uploads\/2020\/09\/20200929_164852-800x550.jpg\" alt=\"\" title=\"\" data-title=\"\"\/> <\/li>\n<li class=\"slide\" data-id=\"8\"> <img src=\"https:\/\/visitsoca.net\/wp-content\/uploads\/2020\/09\/20200929_165126-800x550.jpg\" alt=\"\" title=\"\" data-title=\"\"\/> <\/li>\n<li class=\"slide\" data-id=\"9\"> <img src=\"https:\/\/visitsoca.net\/wp-content\/uploads\/2020\/09\/20200929_165429-800x550.jpg\" alt=\"\" title=\"\" data-title=\"\"\/> <\/li>\n<li class=\"slide\" data-id=\"10\"> <img src=\"https:\/\/visitsoca.net\/wp-content\/uploads\/2020\/09\/20200929_164912-800x550.jpg\" alt=\"\" title=\"\" data-title=\"\"\/> <\/li>\n<li class=\"slide\" data-id=\"11\"> <img src=\"https:\/\/visitsoca.net\/wp-content\/uploads\/2021\/04\/Terasa-800x550.jpg\" alt=\"\" title=\"\" data-title=\"\"\/> <\/li>\n<\/ul><\/div>\n<div id=\"bx-clearfix\" style=\"clear:both;\"><\/div>\n<ul class=\"thumbnails-6 thumbs\" style=\"visibility: hidden; margin: 0 !important;\">\n<li> <img data-index=\"0\" src=\"https:\/\/visitsoca.net\/wp-content\/uploads\/2018\/03\/zonir_6-200x183.jpg\" alt=\"Zonir_6\" title=\"\" data-title=\"\" style=\"\" \/> <img data-index=\"1\" src=\"https:\/\/visitsoca.net\/wp-content\/uploads\/2018\/03\/zonir_7-200x183.jpg\" alt=\"Zonir_7\" title=\"\" data-title=\"\" style=\"margin-top: 1px;\" \/> <\/li>\n<li> <img data-index=\"2\" src=\"https:\/\/visitsoca.net\/wp-content\/uploads\/2018\/03\/zonir_home-200x183.jpg\" alt=\"Zonir_Home\" title=\"\" data-title=\"\" style=\"\" \/> <img data-index=\"3\" src=\"https:\/\/visitsoca.net\/wp-content\/uploads\/2020\/06\/20200528_193532-200x183.jpg\" alt=\"20200528_193532\" title=\"\" data-title=\"\" style=\"margin-top: 1px;\" \/> <\/li>\n<li> <img data-index=\"4\" src=\"https:\/\/visitsoca.net\/wp-content\/uploads\/2020\/09\/20200929_170026-200x183.jpg\" alt=\"20200929_170026\" title=\"\" data-title=\"\" style=\"\" \/> <img data-index=\"5\" src=\"https:\/\/visitsoca.net\/wp-content\/uploads\/2020\/09\/20200929_165643-200x183.jpg\" alt=\"20200929_165643\" title=\"\" data-title=\"\" style=\"margin-top: 1px;\" \/> <\/li>\n<li> <img data-index=\"6\" src=\"https:\/\/visitsoca.net\/wp-content\/uploads\/2020\/09\/20200929_164852-200x183.jpg\" alt=\"20200929_164852\" title=\"\" data-title=\"\" style=\"\" \/> <img data-index=\"7\" src=\"https:\/\/visitsoca.net\/wp-content\/uploads\/2020\/09\/20200929_165126-200x183.jpg\" alt=\"20200929_165126\" title=\"\" data-title=\"\" style=\"margin-top: 1px;\" \/> <\/li>\n<li> <img data-index=\"8\" src=\"https:\/\/visitsoca.net\/wp-content\/uploads\/2020\/09\/20200929_165429-200x183.jpg\" alt=\"20200929_165429\" title=\"\" data-title=\"\" style=\"\" \/> <img data-index=\"9\" src=\"https:\/\/visitsoca.net\/wp-content\/uploads\/2020\/09\/20200929_164912-200x183.jpg\" alt=\"20200929_164912\" title=\"\" data-title=\"\" style=\"margin-top: 1px;\" \/> <\/li>\n<li> <img data-index=\"10\" src=\"https:\/\/visitsoca.net\/wp-content\/uploads\/2021\/04\/Terasa-200x183.jpg\" alt=\"Terasa\" title=\"\" data-title=\"\" style=\"\" \/> <\/li>\n<\/ul>\n<div style=\"clear:both;\"><\/div>\n<div class=\"slider-sharing-bottom\"><\/div>\n<\/p><\/div>\n<\/div>\n\t\t<\/div><\/div><div id=\"pgc-248-2-2\"  class=\"panel-grid-cell\" ><div id=\"panel-248-2-2-0\" class=\"so-panel widget widget_sow-editor panel-first-child panel-last-child\" data-index=\"3\" ><div class=\"panel-widget-style panel-widget-style-for-248-2-2-0\" ><div class=\"so-widget-sow-editor so-widget-sow-editor-base\">\n<div class=\"siteorigin-widget-tinymce textwidget\">\n\t<h5 style=\"text-align: center;\">Apartment  with one bedroom, large terrace and private sauna is located in small village near Kobarid. Just a few steps from the chalet, there is world-famous restaurant <a href=\"http:\/\/www.hisafranko.com\/\" target=\"_blank\" rel=\"noopener noreferrer\">Hi\u0161a Franko<\/a>, in the immediate vicinity you can enjoy relaxing <a href=\"https:\/\/dotikenosti.si\/stik\/\" target=\"_blank\" rel=\"noopener\">facial massage<\/a>.<\/h5>\n<h5 style=\"text-align: center;\">\u00a0You can walk to the natural bathing areas of the healing and warm river Nadi\u017ea.<\/h5>\n<h5 style=\"text-align: center;\">Apartment has air conditioning, bathroom with shower, kitchen with dishwasher, oven, coffee machine and many other kitchen accessories (toaster, water boiler,\u2026).<\/h5>\n<h5 style=\"text-align: center;\">Private parking place is available next to the apartment. There is also barbacue you can use.<\/h5>\n<h5 style=\"text-align: center;\">We offer breakfast, which we provide in the apartment.<\/h5>\n<h5 style=\"text-align: center;\">Apartment is suitable up to 4 people.<\/h5>\n<h5 style=\"text-align: center;\">Here is a lot of possibilities to do different sport activities on So\u010da river, such as rafting, canyining, zipline, hydrospeed. You can enjoy mountain cycling and hiking trails. During winter you can enjoy skiing on mountain sky resort Kanin, which is only 20 minutes driving away from apartments. Apartments are great starting point for fishing and hunting. So\u010da river is only few minutes walking away. <a href=\"https:\/\/www.kanin.si\/\" target=\"_blank\" rel=\"noopener\">smu\u010di\u0161\u010du Kanin<\/a>, ki je od apartmaja oddaljen le\u00a020 minut vo\u017enje.\u00a0 Apartma je odli\u010dno izhodi\u0161\u010de za lov in ribolov.<\/h5>\n<h5 style=\"text-align: center;\">So\u010da valley offer a lot of historical and natural sights, worthy to see.<\/h5>\n<h5 style=\"text-align: center;\" class=\" translation-block\">Location: <a href=\"https:\/\/www.google.si\/maps\/place\/Staro+selo+57,+5222+Kobarid\/@46.2461915,13.5282521,17z\/data=!3m1!4b1!4m5!3m4!1s0x477a5b53b5a13bf9:0x38b58a9b13de8a53!8m2!3d46.2461878!4d13.5304408?hl=sl&amp;authuser=0\" target=\"_self\" rel=\"noopener\">Staro selo 57, 5222 Kobarid<\/a><\/h5>\n<h5 style=\"text-align: center;\"><\/h5>\n<h5 style=\"text-align: center;\"><\/h5>\n<\/div>\n<\/div><\/div><\/div><\/div><div id=\"pgc-248-2-3\"  class=\"panel-grid-cell panel-grid-cell-mobile-last\" ><div id=\"panel-248-2-3-0\" class=\"widget_text so-panel widget widget_custom_html panel-first-child panel-last-child\" data-index=\"4\" ><div class=\"textwidget custom-html-widget\"><script src=\"\/\/www.bentral.com\/service\/embed\/booking.js?id=5f6a59334f515f4d&width=full&poweredby=0&key=dda60999dcfe0c74e3d0a83eb4593657\"><\/script><\/div><\/div><\/div><div id=\"pgc-248-2-4\"  class=\"panel-grid-cell panel-grid-cell-empty\" ><\/div><\/div><\/div><div id=\"pg-248-3\"  class=\"panel-grid panel-has-style\" ><div class=\"siteorigin-panels-stretch panel-row-style panel-row-style-for-248-3\" data-stretch-type=\"full-stretched\" ><div id=\"pgc-248-3-0\"  class=\"panel-grid-cell panel-grid-cell-empty\" ><\/div><\/div><\/div><\/div>","protected":false},"excerpt":{"rendered":"<p>Apartment \u017donir with Sauna<\/p>","protected":false},"author":1,"featured_media":0,"parent":0,"menu_order":0,"comment_status":"closed","ping_status":"closed","template":"","meta":{"_monsterinsights_skip_tracking":false,"_monsterinsights_sitenote_active":false,"_monsterinsights_sitenote_note":"","_monsterinsights_sitenote_category":0,"kt_blocks_editor_width":""},"_links":{"self":[{"href":"https:\/\/visitsoca.net\/home\/en\/wp-json\/wp\/v2\/pages\/248"}],"collection":[{"href":"https:\/\/visitsoca.net\/home\/en\/wp-json\/wp\/v2\/pages"}],"about":[{"href":"https:\/\/visitsoca.net\/home\/en\/wp-json\/wp\/v2\/types\/page"}],"author":[{"embeddable":true,"href":"https:\/\/visitsoca.net\/home\/en\/wp-json\/wp\/v2\/users\/1"}],"replies":[{"embeddable":true,"href":"https:\/\/visitsoca.net\/home\/en\/wp-json\/wp\/v2\/comments?post=248"}],"version-history":[{"count":93,"href":"https:\/\/visitsoca.net\/home\/en\/wp-json\/wp\/v2\/pages\/248\/revisions"}],"predecessor-version":[{"id":2502,"href":"https:\/\/visitsoca.net\/home\/en\/wp-json\/wp\/v2\/pages\/248\/revisions\/2502"}],"wp:attachment":[{"href":"https:\/\/visitsoca.net\/home\/en\/wp-json\/wp\/v2\/media?parent=248"}],"curies":[{"name":"wp","href":"https:\/\/api.w.org\/{rel}","templated":true}]}}