{"id":254,"date":"2017-11-26T17:06:06","date_gmt":"2017-11-26T17:06:06","guid":{"rendered":"http:\/\/visitsoca.net\/?page_id=254"},"modified":"2022-04-01T13:36:11","modified_gmt":"2022-04-01T13:36:11","slug":"sport","status":"publish","type":"page","link":"http:\/\/visitsoca.net\/home\/en\/sport\/","title":{"rendered":"Sport"},"content":{"rendered":"<div id=\"pl-254\"  class=\"panel-layout\" ><div id=\"pg-254-0\"  class=\"panel-grid panel-has-style\" ><div class=\"siteorigin-panels-stretch panel-row-style panel-row-style-for-254-0\" data-stretch-type=\"full-stretched\" ><div id=\"pgc-254-0-0\"  class=\"panel-grid-cell\" ><div id=\"panel-254-0-0-0\" class=\"so-panel widget widget_sow-slider panel-first-child panel-last-child\" data-index=\"0\" ><div class=\"panel-widget-style panel-widget-style-for-254-0-0-0\" ><div class=\"so-widget-sow-slider so-widget-sow-slider-default-53fd0f98de19-254\"><div class=\"sow-slider-base\" style=\"display: none\"><ul class=\"sow-slider-images\" data-settings=\"{&quot;pagination&quot;:true,&quot;speed&quot;:800,&quot;timeout&quot;:8000,&quot;paused&quot;:false,&quot;pause_on_hover&quot;:false,&quot;swipe&quot;:true,&quot;nav_always_show_desktop&quot;:&quot;&quot;,&quot;nav_always_show_mobile&quot;:&quot;&quot;,&quot;breakpoint&quot;:&quot;780px&quot;,&quot;unmute&quot;:false,&quot;anchor&quot;:null}\">\t\t<li class=\"sow-slider-image  sow-slider-image-cover\" style=\"background-image: url(https:\/\/visitsoca.net\/wp-content\/uploads\/2018\/03\/slider_6.jpg)\" >\n\t\t\t\t\t\t\t\t\t<img width=\"1440\" height=\"250\" src=\"https:\/\/visitsoca.net\/wp-content\/uploads\/2018\/03\/slider_6.jpg\" class=\"sow-slider-background-image skip-lazy\" alt=\"\" loading=\"eager\" srcset=\"https:\/\/visitsoca.net\/wp-content\/uploads\/2018\/03\/slider_6.jpg 1440w, https:\/\/visitsoca.net\/wp-content\/uploads\/2018\/03\/slider_6-300x52.jpg 300w, https:\/\/visitsoca.net\/wp-content\/uploads\/2018\/03\/slider_6-768x133.jpg 768w, https:\/\/visitsoca.net\/wp-content\/uploads\/2018\/03\/slider_6-1024x178.jpg 1024w, https:\/\/visitsoca.net\/wp-content\/uploads\/2018\/03\/slider_6-500x87.jpg 500w\" sizes=\"(max-width: 1440px) 100vw, 1440px\" \/>\t\t\t\t\t\t\t\t<\/li>\n\t\t\t\t<li class=\"sow-slider-image  sow-slider-image-cover\" style=\"background-image: url(https:\/\/visitsoca.net\/wp-content\/uploads\/2018\/03\/11-Napoleonov-most-Custom.jpg)\" >\n\t\t\t\t\t\t\t\t\t<img width=\"1440\" height=\"251\" src=\"https:\/\/visitsoca.net\/wp-content\/uploads\/2018\/03\/11-Napoleonov-most-Custom.jpg\" class=\"sow-slider-background-image skip-lazy\" alt=\"\" loading=\"eager\" srcset=\"https:\/\/visitsoca.net\/wp-content\/uploads\/2018\/03\/11-Napoleonov-most-Custom.jpg 1440w, https:\/\/visitsoca.net\/wp-content\/uploads\/2018\/03\/11-Napoleonov-most-Custom-300x52.jpg 300w, https:\/\/visitsoca.net\/wp-content\/uploads\/2018\/03\/11-Napoleonov-most-Custom-768x134.jpg 768w, https:\/\/visitsoca.net\/wp-content\/uploads\/2018\/03\/11-Napoleonov-most-Custom-1024x178.jpg 1024w\" sizes=\"(max-width: 1440px) 100vw, 1440px\" \/>\t\t\t\t\t\t\t\t<\/li>\n\t\t\t\t<li class=\"sow-slider-image  sow-slider-image-cover\" style=\"background-image: url(https:\/\/visitsoca.net\/wp-content\/uploads\/2018\/03\/slider_5.jpg)\" >\n\t\t\t\t\t\t\t\t\t<img width=\"1440\" height=\"250\" src=\"https:\/\/visitsoca.net\/wp-content\/uploads\/2018\/03\/slider_5.jpg\" class=\"sow-slider-background-image skip-lazy\" alt=\"\" loading=\"eager\" srcset=\"https:\/\/visitsoca.net\/wp-content\/uploads\/2018\/03\/slider_5.jpg 1440w, https:\/\/visitsoca.net\/wp-content\/uploads\/2018\/03\/slider_5-300x52.jpg 300w, https:\/\/visitsoca.net\/wp-content\/uploads\/2018\/03\/slider_5-768x133.jpg 768w, https:\/\/visitsoca.net\/wp-content\/uploads\/2018\/03\/slider_5-1024x178.jpg 1024w, https:\/\/visitsoca.net\/wp-content\/uploads\/2018\/03\/slider_5-500x87.jpg 500w\" sizes=\"(max-width: 1440px) 100vw, 1440px\" \/>\t\t\t\t\t\t\t\t<\/li>\n\t\t\t\t<li class=\"sow-slider-image  sow-slider-image-cover\" style=\"background-image: url(https:\/\/visitsoca.net\/wp-content\/uploads\/2018\/03\/DSC04443-UroSvig-MTB-slovenia_stitch-Custom.jpg)\" >\n\t\t\t\t\t\t\t\t\t<img width=\"1441\" height=\"250\" src=\"https:\/\/visitsoca.net\/wp-content\/uploads\/2018\/03\/DSC04443-UroSvig-MTB-slovenia_stitch-Custom.jpg\" class=\"sow-slider-background-image skip-lazy\" alt=\"\" loading=\"eager\" srcset=\"https:\/\/visitsoca.net\/wp-content\/uploads\/2018\/03\/DSC04443-UroSvig-MTB-slovenia_stitch-Custom.jpg 1441w, https:\/\/visitsoca.net\/wp-content\/uploads\/2018\/03\/DSC04443-UroSvig-MTB-slovenia_stitch-Custom-300x52.jpg 300w, https:\/\/visitsoca.net\/wp-content\/uploads\/2018\/03\/DSC04443-UroSvig-MTB-slovenia_stitch-Custom-768x133.jpg 768w, https:\/\/visitsoca.net\/wp-content\/uploads\/2018\/03\/DSC04443-UroSvig-MTB-slovenia_stitch-Custom-1024x178.jpg 1024w\" sizes=\"(max-width: 1441px) 100vw, 1441px\" \/>\t\t\t\t\t\t\t\t<\/li>\n\t\t\t\t<li class=\"sow-slider-image  sow-slider-image-cover\" style=\"background-image: url(https:\/\/visitsoca.net\/wp-content\/uploads\/2018\/03\/slider_4.jpg)\" >\n\t\t\t\t\t\t\t\t\t<img width=\"1440\" height=\"250\" src=\"https:\/\/visitsoca.net\/wp-content\/uploads\/2018\/03\/slider_4.jpg\" class=\"sow-slider-background-image skip-lazy\" alt=\"\" loading=\"eager\" srcset=\"https:\/\/visitsoca.net\/wp-content\/uploads\/2018\/03\/slider_4.jpg 1440w, https:\/\/visitsoca.net\/wp-content\/uploads\/2018\/03\/slider_4-300x52.jpg 300w, https:\/\/visitsoca.net\/wp-content\/uploads\/2018\/03\/slider_4-768x133.jpg 768w, https:\/\/visitsoca.net\/wp-content\/uploads\/2018\/03\/slider_4-1024x178.jpg 1024w, https:\/\/visitsoca.net\/wp-content\/uploads\/2018\/03\/slider_4-500x87.jpg 500w\" sizes=\"(max-width: 1440px) 100vw, 1440px\" \/>\t\t\t\t\t\t\t\t<\/li>\n\t\t\t\t<li class=\"sow-slider-image  sow-slider-image-cover\" style=\"background-image: url(https:\/\/visitsoca.net\/wp-content\/uploads\/2018\/03\/slider_3.jpg)\" >\n\t\t\t\t\t\t\t\t\t<img width=\"1440\" height=\"250\" src=\"https:\/\/visitsoca.net\/wp-content\/uploads\/2018\/03\/slider_3.jpg\" class=\"sow-slider-background-image skip-lazy\" alt=\"\" loading=\"eager\" srcset=\"https:\/\/visitsoca.net\/wp-content\/uploads\/2018\/03\/slider_3.jpg 1440w, https:\/\/visitsoca.net\/wp-content\/uploads\/2018\/03\/slider_3-300x52.jpg 300w, https:\/\/visitsoca.net\/wp-content\/uploads\/2018\/03\/slider_3-768x133.jpg 768w, https:\/\/visitsoca.net\/wp-content\/uploads\/2018\/03\/slider_3-1024x178.jpg 1024w, https:\/\/visitsoca.net\/wp-content\/uploads\/2018\/03\/slider_3-500x87.jpg 500w\" sizes=\"(max-width: 1440px) 100vw, 1440px\" \/>\t\t\t\t\t\t\t\t<\/li>\n\t\t<\/ul>\t\t\t\t<ol class=\"sow-slider-pagination\">\n\t\t\t\t\t\t\t\t\t\t\t<li><a href=\"#\" data-goto=\"0\" aria-label=\"display slide 1\"><\/a><\/li>\n\t\t\t\t\t\t\t\t\t\t\t<li><a href=\"#\" data-goto=\"1\" aria-label=\"display slide 2\"><\/a><\/li>\n\t\t\t\t\t\t\t\t\t\t\t<li><a href=\"#\" data-goto=\"2\" aria-label=\"display slide 3\"><\/a><\/li>\n\t\t\t\t\t\t\t\t\t\t\t<li><a href=\"#\" data-goto=\"3\" aria-label=\"display slide 4\"><\/a><\/li>\n\t\t\t\t\t\t\t\t\t\t\t<li><a href=\"#\" data-goto=\"4\" aria-label=\"display slide 5\"><\/a><\/li>\n\t\t\t\t\t\t\t\t\t\t\t<li><a href=\"#\" data-goto=\"5\" aria-label=\"display slide 6\"><\/a><\/li>\n\t\t\t\t\t\t\t\t\t<\/ol>\n\n\t\t\t\t<div class=\"sow-slide-nav sow-slide-nav-next\">\n\t\t\t\t\t<a href=\"#\" data-goto=\"next\" aria-label=\"next slide\" data-action=\"next\">\n\t\t\t\t\t\t<em class=\"sow-sld-icon-thin-right\"><\/em>\n\t\t\t\t\t<\/a>\n\t\t\t\t<\/div>\n\n\t\t\t\t<div class=\"sow-slide-nav sow-slide-nav-prev\">\n\t\t\t\t\t<a href=\"#\" data-goto=\"previous\" aria-label=\"previous slide\" data-action=\"prev\">\n\t\t\t\t\t\t<em class=\"sow-sld-icon-thin-left\"><\/em>\n\t\t\t\t\t<\/a>\n\t\t\t\t<\/div>\n\t\t\t\t<\/div><\/div><\/div><\/div><\/div><\/div><\/div><div id=\"pg-254-1\"  class=\"panel-grid panel-has-style\" ><div class=\"siteorigin-panels-stretch panel-row-style panel-row-style-for-254-1\" data-stretch-type=\"full-stretched\" ><div id=\"pgc-254-1-0\"  class=\"panel-grid-cell panel-grid-cell-empty\" ><\/div><div id=\"pgc-254-1-1\"  class=\"panel-grid-cell panel-grid-cell-mobile-last\" ><div id=\"panel-254-1-1-0\" class=\"so-panel widget widget_sow-editor panel-first-child panel-last-child\" data-index=\"1\" ><div class=\"panel-widget-style panel-widget-style-for-254-1-1-0\" ><div class=\"so-widget-sow-editor so-widget-sow-editor-base\">\n<div class=\"siteorigin-widget-tinymce textwidget\">\n\t<h1>Sport<\/h1>\n<\/div>\n<\/div><\/div><\/div><\/div><div id=\"pgc-254-1-2\"  class=\"panel-grid-cell panel-grid-cell-empty\" ><\/div><\/div><\/div><div id=\"pg-254-2\"  class=\"panel-grid panel-has-style\" ><div class=\"siteorigin-panels-stretch panel-row-style panel-row-style-for-254-2\" data-stretch-type=\"full-stretched\" ><div id=\"pgc-254-2-0\"  class=\"panel-grid-cell panel-grid-cell-empty\" ><\/div><div id=\"pgc-254-2-1\"  class=\"panel-grid-cell\" ><div id=\"panel-254-2-1-0\" class=\"so-panel widget widget_text panel-first-child panel-last-child\" data-index=\"2\" >\t\t\t<div class=\"textwidget\"><div id=\"supsystic-slider-wrapper-8_43951\" class=\"supsystic-slider-wrapper\"> <div class=\"slider-sharing-top\"><\/div> <div id=\"supsystic-slider-8_43951\" class=\"supsystic-slider supsystic-slider-bx\" data-type=\"bx\" data-settings=\"{&quot;general&quot;:{&quot;mode&quot;:&quot;horizontal&quot;,&quot;moveSlides&quot;:&quot;0&quot;,&quot;auto&quot;:&quot;enable&quot;,&quot;slideshowControls&quot;:&quot;disable&quot;,&quot;navigation&quot;:&quot;1&quot;,&quot;rows&quot;:&quot;2&quot;,&quot;captions&quot;:&quot;false&quot;,&quot;captionsByMouseover&quot;:&quot;true&quot;,&quot;speed&quot;:&quot;500&quot;,&quot;randomStart&quot;:&quot;1&quot;,&quot;easing&quot;:&quot;linear&quot;},&quot;touch&quot;:{&quot;touchEnabled&quot;:&quot;true&quot;,&quot;oneToOne&quot;:&quot;true&quot;,&quot;swipeThreshold&quot;:&quot;80&quot;},&quot;pager&quot;:{&quot;pagerEnabled&quot;:&quot;true&quot;,&quot;pagerType&quot;:&quot;full&quot;},&quot;properties&quot;:{&quot;width&quot;:&quot;800&quot;,&quot;widthType&quot;:&quot;px&quot;,&quot;height&quot;:&quot;550&quot;,&quot;videoAutoplay&quot;:&quot;false&quot;,&quot;position&quot;:&quot;center&quot;},&quot;caption&quot;:{&quot;color&quot;:&quot;#fff&quot;,&quot;font-size&quot;:&quot;14&quot;,&quot;text-align&quot;:&quot;auto&quot;,&quot;font-family&quot;:&quot;Open Sans&quot;,&quot;background-color-hex&quot;:&quot;#000&quot;,&quot;background-color&quot;:&quot;rgba(0, 0, 0, 1)&quot;,&quot;background-opacity&quot;:&quot;0.5&quot;,&quot;inTop&quot;:&quot;false&quot;},&quot;socialSharing&quot;:{&quot;status&quot;:&quot;disable&quot;,&quot;pluginInstalled&quot;:false,&quot;projectsList&quot;:[],&quot;html&quot;:&quot;&quot;},&quot;__veditor__&quot;:&quot;&quot;}\" data-thumbs=\"thumbnails-8\" style=\"visibility: hidden; direction: ltr;overflow-x: hidden;\"> <ul style=\"visibility: hidden; margin: 0 !important;\"> <li class=\"slide\" data-id=\"1\"> <img src=\"https:\/\/visitsoca.net\/wp-content\/uploads\/2018\/03\/sport_9.jpg\" alt=\"\" title=\"\" data-title=\"\"\/> <\/li> <li class=\"slide\" data-id=\"2\"> <img src=\"https:\/\/visitsoca.net\/wp-content\/uploads\/2018\/03\/sport_12.jpg\" alt=\"\" title=\"\" data-title=\"\"\/> <\/li> <li class=\"slide\" data-id=\"3\"> <img src=\"https:\/\/visitsoca.net\/wp-content\/uploads\/2018\/03\/sport_10.jpg\" alt=\"\" title=\"\" data-title=\"\"\/> <\/li> <li class=\"slide\" data-id=\"4\"> <img src=\"https:\/\/visitsoca.net\/wp-content\/uploads\/2018\/03\/sport_11.jpg\" alt=\"\" title=\"\" data-title=\"\"\/> <\/li> <li class=\"slide\" data-id=\"5\"> <img src=\"https:\/\/visitsoca.net\/wp-content\/uploads\/2018\/03\/sport_13.jpg\" alt=\"\" title=\"\" data-title=\"\"\/> <\/li> <li class=\"slide\" data-id=\"6\"> <img src=\"https:\/\/visitsoca.net\/wp-content\/uploads\/2018\/03\/sport_14.jpg\" alt=\"\" title=\"\" data-title=\"\"\/> <\/li> <li class=\"slide\" data-id=\"7\"> <img src=\"https:\/\/visitsoca.net\/wp-content\/uploads\/2018\/03\/sport_15.jpg\" alt=\"\" title=\"\" data-title=\"\"\/> <\/li> <li class=\"slide\" data-id=\"8\"> <img src=\"https:\/\/visitsoca.net\/wp-content\/uploads\/2018\/03\/sport_19.jpg\" alt=\"\" title=\"\" data-title=\"\"\/> <\/li> <li class=\"slide\" data-id=\"9\"> <img src=\"https:\/\/visitsoca.net\/wp-content\/uploads\/2018\/03\/sport_18.jpg\" alt=\"\" title=\"\" data-title=\"\"\/> <\/li> <li class=\"slide\" data-id=\"10\"> <img src=\"https:\/\/visitsoca.net\/wp-content\/uploads\/2018\/03\/sport_20.jpg\" alt=\"\" title=\"\" data-title=\"\"\/> <\/li> <li class=\"slide\" data-id=\"11\"> <img src=\"https:\/\/visitsoca.net\/wp-content\/uploads\/2018\/03\/sport_22.jpg\" alt=\"\" title=\"\" data-title=\"\"\/> <\/li> <li class=\"slide\" data-id=\"12\"> <img src=\"https:\/\/visitsoca.net\/wp-content\/uploads\/2018\/03\/sport_17.jpg\" alt=\"\" title=\"\" data-title=\"\"\/> <\/li> <li class=\"slide\" data-id=\"13\"> <img src=\"https:\/\/visitsoca.net\/wp-content\/uploads\/2018\/03\/sport_home.jpg\" alt=\"\" title=\"\" data-title=\"\"\/> <\/li> <li class=\"slide\" data-id=\"14\"> <img src=\"https:\/\/visitsoca.net\/wp-content\/uploads\/2018\/03\/sport_16.jpg\" alt=\"\" title=\"\" data-title=\"\"\/> <\/li> <li class=\"slide\" data-id=\"15\"> <img src=\"https:\/\/visitsoca.net\/wp-content\/uploads\/2018\/03\/sport_21.jpg\" alt=\"\" title=\"\" data-title=\"\"\/> <\/li> <li class=\"slide\" data-id=\"16\"> <img src=\"https:\/\/visitsoca.net\/wp-content\/uploads\/2018\/03\/sport_23.jpg\" alt=\"\" title=\"\" data-title=\"\"\/> <\/li> <\/ul> <\/div> <div id=\"bx-clearfix\" style=\"clear:both;\"><\/div> <ul class=\"thumbnails-8 thumbs\" style=\"visibility: hidden; margin: 0 !important;\"> <li> <img data-index=\"0\" src=\"https:\/\/visitsoca.net\/wp-content\/uploads\/2018\/03\/sport_9.jpg\" alt=\"Sport_9\" title=\"\" data-title=\"\" style=\"\" \/> <img data-index=\"1\" src=\"https:\/\/visitsoca.net\/wp-content\/uploads\/2018\/03\/sport_12.jpg\" alt=\"Sport_12\" title=\"\" data-title=\"\" style=\"margin-top: 1px;\" \/> <\/li> <li> <img data-index=\"2\" src=\"https:\/\/visitsoca.net\/wp-content\/uploads\/2018\/03\/sport_10.jpg\" alt=\"Sport_10\" title=\"\" data-title=\"\" style=\"\" \/> <img data-index=\"3\" src=\"https:\/\/visitsoca.net\/wp-content\/uploads\/2018\/03\/sport_11.jpg\" alt=\"Sport_11\" title=\"\" data-title=\"\" style=\"margin-top: 1px;\" \/> <\/li> <li> <img data-index=\"4\" src=\"https:\/\/visitsoca.net\/wp-content\/uploads\/2018\/03\/sport_13.jpg\" alt=\"Sport_13\" title=\"\" data-title=\"\" style=\"\" \/> <img data-index=\"5\" src=\"https:\/\/visitsoca.net\/wp-content\/uploads\/2018\/03\/sport_14.jpg\" alt=\"Sport_14\" title=\"\" data-title=\"\" style=\"margin-top: 1px;\" \/> <\/li> <li> <img data-index=\"6\" src=\"https:\/\/visitsoca.net\/wp-content\/uploads\/2018\/03\/sport_15.jpg\" alt=\"Sport_15\" title=\"\" data-title=\"\" style=\"\" \/> <img data-index=\"7\" src=\"https:\/\/visitsoca.net\/wp-content\/uploads\/2018\/03\/sport_19.jpg\" alt=\"Sport_19\" title=\"\" data-title=\"\" style=\"margin-top: 1px;\" \/> <\/li> <li> <img data-index=\"8\" src=\"https:\/\/visitsoca.net\/wp-content\/uploads\/2018\/03\/sport_18.jpg\" alt=\"Sport_18\" title=\"\" data-title=\"\" style=\"\" \/> <img data-index=\"9\" src=\"https:\/\/visitsoca.net\/wp-content\/uploads\/2018\/03\/sport_20.jpg\" alt=\"Sport_20\" title=\"\" data-title=\"\" style=\"margin-top: 1px;\" \/> <\/li> <li> <img data-index=\"10\" src=\"https:\/\/visitsoca.net\/wp-content\/uploads\/2018\/03\/sport_22.jpg\" alt=\"Sport_22\" title=\"\" data-title=\"\" style=\"\" \/> <img data-index=\"11\" src=\"https:\/\/visitsoca.net\/wp-content\/uploads\/2018\/03\/sport_17.jpg\" alt=\"Sport_17\" title=\"\" data-title=\"\" style=\"margin-top: 1px;\" \/> <\/li> <li> <img data-index=\"12\" src=\"https:\/\/visitsoca.net\/wp-content\/uploads\/2018\/03\/sport_home.jpg\" alt=\"Supercup Krka-Union Olimpija\" title=\"\" data-title=\"\" style=\"\" \/> <img data-index=\"13\" src=\"https:\/\/visitsoca.net\/wp-content\/uploads\/2018\/03\/sport_16.jpg\" alt=\"Sport_16\" title=\"\" data-title=\"\" style=\"margin-top: 1px;\" \/> <\/li> <li> <img data-index=\"14\" src=\"https:\/\/visitsoca.net\/wp-content\/uploads\/2018\/03\/sport_21.jpg\" alt=\"Sport_21\" title=\"\" data-title=\"\" style=\"\" \/> <img data-index=\"15\" src=\"https:\/\/visitsoca.net\/wp-content\/uploads\/2018\/03\/sport_23.jpg\" alt=\"Sport_23\" title=\"\" data-title=\"\" style=\"margin-top: 1px;\" \/> <\/li> <\/ul> <div style=\"clear:both;\"><\/div> <div class=\"slider-sharing-bottom\"><\/div> <\/div><\/div>\n\t\t<\/div><\/div><div id=\"pgc-254-2-2\"  class=\"panel-grid-cell panel-grid-cell-mobile-last\" ><div id=\"panel-254-2-2-0\" class=\"so-panel widget widget_sow-editor panel-first-child panel-last-child\" data-index=\"3\" ><div class=\"panel-widget-style panel-widget-style-for-254-2-2-0\" ><div class=\"so-widget-sow-editor so-widget-sow-editor-base\">\n<div class=\"siteorigin-widget-tinymce textwidget\">\n\t<h5 style=\"text-align: center;\">For sport enthusiasts, So\u010da valley is true paradise. Conditions for adrenalin sports impress even the most demanding visitor. The best termics in the world please every paraglider and hangman. So\u010da river offers different water adrenalin sports such as rafting, kayaking, hydrospeed. Its affluents offers magical river beds for canyioning. Adrenalin zipline, offers wanderfull views on So\u010da valley and its sights. All fishing enthusiasts especially delight the indigenous So\u010da trout. So\u010da valley offers a lot of trails and mountain huts, where they offer local food and drink, for hikers.<\/h5>\n<h5 style=\"text-align: center;\">During winter you can enjoy skiing on mountain ski resort Kanin, which is only 15 minutes driving away from Kobarid.<\/h5>\n<\/div>\n<\/div><\/div><\/div><\/div><div id=\"pgc-254-2-3\"  class=\"panel-grid-cell panel-grid-cell-empty\" ><\/div><\/div><\/div><div id=\"pg-254-3\"  class=\"panel-grid panel-has-style\" ><div class=\"siteorigin-panels-stretch panel-row-style panel-row-style-for-254-3\" data-stretch-type=\"full-stretched\" ><div id=\"pgc-254-3-0\"  class=\"panel-grid-cell panel-grid-cell-empty\" ><\/div><div id=\"pgc-254-3-1\"  class=\"panel-grid-cell panel-grid-cell-mobile-last\" ><div id=\"panel-254-3-1-0\" class=\"so-panel widget widget_sow-editor panel-first-child panel-last-child\" data-index=\"4\" ><div class=\"so-widget-sow-editor so-widget-sow-editor-base\">\n<div class=\"siteorigin-widget-tinymce textwidget\">\n\t<style>\n#videoFrame2 { width:100%; height:410px; }\n<\/style>\n<p><iframe id=\"videoFrame2\" src=\"https:\/\/www.youtube.com\/embed\/mQE_1m9m14U\" frameborder=\"5\" allowfullscreen><\/iframe><\/p>\n<\/div>\n<\/div><\/div><\/div><div id=\"pgc-254-3-2\"  class=\"panel-grid-cell panel-grid-cell-empty\" ><\/div><\/div><\/div><div id=\"pg-254-4\"  class=\"panel-grid panel-has-style\" ><div class=\"siteorigin-panels-stretch panel-row-style panel-row-style-for-254-4\" data-stretch-type=\"full-stretched\" ><div id=\"pgc-254-4-0\"  class=\"panel-grid-cell\" ><div id=\"panel-254-4-0-0\" class=\"so-panel widget widget_sow-image panel-first-child panel-last-child\" data-index=\"5\" ><div class=\"so-widget-sow-image so-widget-sow-image-default-7877d6771435-254\">\n\n<div class=\"sow-image-container\">\n\t\t\t<a\n\t\t\thref=\"http:\/\/visitsoca.net\/home\/en\/kontakt\/\"\n\t\t\t\t\t>\n\t\t\t<img src=\"https:\/\/visitsoca.net\/wp-content\/uploads\/2018\/05\/kontakt_white7.png\" width=\"2560\" height=\"300\" srcset=\"https:\/\/visitsoca.net\/wp-content\/uploads\/2018\/05\/kontakt_white7.png 2560w, https:\/\/visitsoca.net\/wp-content\/uploads\/2018\/05\/kontakt_white7-300x35.png 300w, https:\/\/visitsoca.net\/wp-content\/uploads\/2018\/05\/kontakt_white7-768x90.png 768w, https:\/\/visitsoca.net\/wp-content\/uploads\/2018\/05\/kontakt_white7-1024x120.png 1024w\" sizes=\"(max-width: 2560px) 100vw, 2560px\" alt=\"\" loading=\"lazy\" \t\tclass=\"so-widget-image\"\/>\n\t<\/a><\/div>\n\n<\/div><\/div><\/div><\/div><\/div><\/div>","protected":false},"excerpt":{"rendered":"<p>Sport<\/p>","protected":false},"author":1,"featured_media":0,"parent":0,"menu_order":0,"comment_status":"closed","ping_status":"closed","template":"","meta":{"_monsterinsights_skip_tracking":false,"_monsterinsights_sitenote_active":false,"_monsterinsights_sitenote_note":"","_monsterinsights_sitenote_category":0,"kt_blocks_editor_width":""},"_links":{"self":[{"href":"http:\/\/visitsoca.net\/home\/en\/wp-json\/wp\/v2\/pages\/254"}],"collection":[{"href":"http:\/\/visitsoca.net\/home\/en\/wp-json\/wp\/v2\/pages"}],"about":[{"href":"http:\/\/visitsoca.net\/home\/en\/wp-json\/wp\/v2\/types\/page"}],"author":[{"embeddable":true,"href":"http:\/\/visitsoca.net\/home\/en\/wp-json\/wp\/v2\/users\/1"}],"replies":[{"embeddable":true,"href":"http:\/\/visitsoca.net\/home\/en\/wp-json\/wp\/v2\/comments?post=254"}],"version-history":[{"count":46,"href":"http:\/\/visitsoca.net\/home\/en\/wp-json\/wp\/v2\/pages\/254\/revisions"}],"predecessor-version":[{"id":2123,"href":"http:\/\/visitsoca.net\/home\/en\/wp-json\/wp\/v2\/pages\/254\/revisions\/2123"}],"wp:attachment":[{"href":"http:\/\/visitsoca.net\/home\/en\/wp-json\/wp\/v2\/media?parent=254"}],"curies":[{"name":"wp","href":"https:\/\/api.w.org\/{rel}","templated":true}]}}